{"id":188,"date":"2016-01-30T13:39:54","date_gmt":"2016-01-30T12:39:54","guid":{"rendered":"https:\/\/aulacdecomo.it\/?page_id=188"},"modified":"2022-02-12T16:11:34","modified_gmt":"2022-02-12T15:11:34","slug":"facilities","status":"publish","type":"page","link":"https:\/\/aulacdecomo.it\/de\/au-lac-de-como\/facilities\/","title":{"rendered":"Allgemeine Einrichtungen"},"content":{"rendered":"<p>Der <strong>Pool<\/strong> ist in den warmen Monaten ge\u00f6ffnet und bietet eine beaufsichtigte Alternative zum Baden im Comer See.<\/p>\n<p>Im camping-eigenen <strong>Restaurant<\/strong> gibt es abends g\u00fcnstige B\u00fcffets, die sich auch Familien leisten k\u00f6nnen und an denen jeder etwas findet und auch satt wird. Ansonsten ist die Bar ganzt\u00e4gig ge\u00f6ffnet und bietet mit Snacks, Eis und Getr\u00e4nken f\u00fcr jeden etwas.<\/p>\n<p>Es gibt einen <strong>Bootsverleih<\/strong> f\u00fcr G\u00e4ste, au\u00dferdem eine <strong>Bocciabahn<\/strong>, einen <strong>Kleinkindspielplatz<\/strong> und auf Nachfrage auch <strong>Sauna<\/strong> und <strong>Solarium<\/strong>.<\/p>\n<p>Es gibt an mehreren Orten <strong>Sanit\u00e4ranlagen<\/strong> &#8211; auch barrierefrei -, die auch Waschmaschine und Trockner (beides gegen Geb\u00fchr) beinhalten.<\/p>","protected":false},"excerpt":{"rendered":"<p>Der Pool ist in den warmen Monaten ge\u00f6ffnet und bietet eine beaufsichtigte Alternative zum Baden im Comer See. Im camping-eigenen Restaurant gibt es abends g\u00fcnstige B\u00fcffets, die sich auch Familien leisten k\u00f6nnen und an denen jeder etwas findet und auch satt wird. Ansonsten ist die Bar ganzt\u00e4gig ge\u00f6ffnet und bietet mit Snacks, Eis und Getr\u00e4nken &hellip; <a href=\"https:\/\/aulacdecomo.it\/de\/au-lac-de-como\/facilities\/\" class=\"more-link\"><span class=\"screen-reader-text\">\u201eAllgemeine Einrichtungen\u201c <\/span>weiterlesen<\/a><\/p>\n","protected":false},"author":2,"featured_media":0,"parent":7,"menu_order":9,"comment_status":"closed","ping_status":"closed","template":"","meta":{"footnotes":""},"class_list":["post-188","page","type-page","status-publish","hentry"],"_links":{"self":[{"href":"https:\/\/aulacdecomo.it\/de\/wp-json\/wp\/v2\/pages\/188","targetHints":{"allow":["GET"]}}],"collection":[{"href":"https:\/\/aulacdecomo.it\/de\/wp-json\/wp\/v2\/pages"}],"about":[{"href":"https:\/\/aulacdecomo.it\/de\/wp-json\/wp\/v2\/types\/page"}],"author":[{"embeddable":true,"href":"https:\/\/aulacdecomo.it\/de\/wp-json\/wp\/v2\/users\/2"}],"replies":[{"embeddable":true,"href":"https:\/\/aulacdecomo.it\/de\/wp-json\/wp\/v2\/comments?post=188"}],"version-history":[{"count":11,"href":"https:\/\/aulacdecomo.it\/de\/wp-json\/wp\/v2\/pages\/188\/revisions"}],"predecessor-version":[{"id":722,"href":"https:\/\/aulacdecomo.it\/de\/wp-json\/wp\/v2\/pages\/188\/revisions\/722"}],"up":[{"embeddable":true,"href":"https:\/\/aulacdecomo.it\/de\/wp-json\/wp\/v2\/pages\/7"}],"wp:attachment":[{"href":"https:\/\/aulacdecomo.it\/de\/wp-json\/wp\/v2\/media?parent=188"}],"curies":[{"name":"wp","href":"https:\/\/api.w.org\/{rel}","templated":true}]}}