{"id":7,"date":"2016-01-27T23:31:43","date_gmt":"2016-01-27T22:31:43","guid":{"rendered":"https:\/\/aulacdecomo.it\/?page_id=7"},"modified":"2022-02-12T16:09:26","modified_gmt":"2022-02-12T15:09:26","slug":"au-lac-de-como","status":"publish","type":"page","link":"https:\/\/aulacdecomo.it\/de\/","title":{"rendered":"Au Lac de Como"},"content":{"rendered":"<p><\/p>\n<h3>Der Camping<\/h3>\n<p><img loading=\"lazy\" decoding=\"async\" class=\"wp-image-264 alignright\" src=\"https:\/\/aulacdecomo.it\/wp-content\/uploads\/origine_746560635299274cb4672709343901796316dc067bd69-e1477682251829.jpg\" alt=\"camping view from san siro\" width=\"300\" height=\"360\" \/><\/p>\n<p align=\"justify\">Seit \u00fcber 60 Jahren liegt am n\u00f6rdlichen Teil des Comer Sees der ruhige, famili\u00e4re Camping Au Lac de Como. Er ist direkt am See und bietet saubere Luft und gute Wasserqualit\u00e4t.<\/p>\n<p align=\"justify\">Hier gibt es sowohl <a href=\"https:\/\/aulacdecomo.it\/rooms\/\">Zimmer<\/a> und <a href=\"https:\/\/aulacdecomo.it\/apartments\/\">Appartments<\/a> im Hotel, als auch <a href=\"https:\/\/aulacdecomo.it\/mobilhomes\/\">Mobilhomes<\/a>, <a href=\"https:\/\/aulacdecomo.it\/bungalows\/\">Bungalows<\/a>, <a href=\"https:\/\/aulacdecomo.it\/huts\/\">H\u00fctten<\/a> und schlie\u00dflich den <a href=\"https:\/\/aulacdecomo.it\/camping\/\">Campingplatz<\/a>. Dieser hat am See wahlweise sonnige oder schattige Pl\u00e4tze mit Strom. Au\u00dferdem ist es sicher f\u00fcr Kinder, n\u00e4mlich ohne Strasse und mit nur langsam tieferwerdendem Wasser.<\/p>\n<p align=\"justify\">Auch gibt es allgemeine Angebote wie ein \u00f6ffentliches Restaurant mit g\u00fcnstigen Men\u00fcs, einem Pool und vielem mehr. Der Platz ist ganzj\u00e4hrig ge\u00f6ffnet und es gibt hohe Rabatte in der Nebensaison.<\/p>\n<h3><a href=\"https:\/\/aulacdecomo.it\/location\/\">Umgebung<\/a><\/h3>\n<p align=\"justify\">Entdecken Sie die m\u00f6glichen <a href=\"https:\/\/aulacdecomo.it\/location\/activities\/\">Aktivit\u00e4ten<\/a>, finden Sie heraus, wie die <a href=\"https:\/\/aulacdecomo.it\/location\/infrastructure\/\">Versorgung<\/a> vor Ort abgedeckt wird oder schauen Sie sich gerne auch mal die <a href=\"https:\/\/aulacdecomo.it\/location\/gallery\/\">Fotogalerie<\/a> an.<\/p>\n<h3 align=\"justify\">\u00d6ffnungszeiten<\/h3>\n<p>Die Rezeption ist jeweils von 8:30 bis 24 Uhr ge\u00f6ffnet, dabei ist Check-out zwischen 8:30 und 11 Uhr und Check-in zwischen 14 und 22 Uhr. Der Campingplatz ist ganzj\u00e4hrig ge\u00f6ffnet, das Restaurant und der Pool sind allerdings au\u00dferhalb der Saison teilweise geschlossen.<\/p>","protected":false},"excerpt":{"rendered":"<p>Der Camping Seit \u00fcber 60 Jahren liegt am n\u00f6rdlichen Teil des Comer Sees der ruhige, famili\u00e4re Camping Au Lac de Como. Er ist direkt am See und bietet saubere Luft und gute Wasserqualit\u00e4t. Hier gibt es sowohl Zimmer und Appartments im Hotel, als auch Mobilhomes, Bungalows, H\u00fctten und schlie\u00dflich den Campingplatz. Dieser hat am See &hellip; <a href=\"https:\/\/aulacdecomo.it\/de\/\" class=\"more-link\"><span class=\"screen-reader-text\">\u201eAu Lac de Como\u201c <\/span>weiterlesen<\/a><\/p>\n","protected":false},"author":2,"featured_media":0,"parent":0,"menu_order":0,"comment_status":"closed","ping_status":"closed","template":"","meta":{"footnotes":""},"class_list":["post-7","page","type-page","status-publish","hentry"],"_links":{"self":[{"href":"https:\/\/aulacdecomo.it\/de\/wp-json\/wp\/v2\/pages\/7","targetHints":{"allow":["GET"]}}],"collection":[{"href":"https:\/\/aulacdecomo.it\/de\/wp-json\/wp\/v2\/pages"}],"about":[{"href":"https:\/\/aulacdecomo.it\/de\/wp-json\/wp\/v2\/types\/page"}],"author":[{"embeddable":true,"href":"https:\/\/aulacdecomo.it\/de\/wp-json\/wp\/v2\/users\/2"}],"replies":[{"embeddable":true,"href":"https:\/\/aulacdecomo.it\/de\/wp-json\/wp\/v2\/comments?post=7"}],"version-history":[{"count":44,"href":"https:\/\/aulacdecomo.it\/de\/wp-json\/wp\/v2\/pages\/7\/revisions"}],"predecessor-version":[{"id":721,"href":"https:\/\/aulacdecomo.it\/de\/wp-json\/wp\/v2\/pages\/7\/revisions\/721"}],"wp:attachment":[{"href":"https:\/\/aulacdecomo.it\/de\/wp-json\/wp\/v2\/media?parent=7"}],"curies":[{"name":"wp","href":"https:\/\/api.w.org\/{rel}","templated":true}]}}