{"id":79,"date":"2016-01-28T13:01:17","date_gmt":"2016-01-28T12:01:17","guid":{"rendered":"https:\/\/aulacdecomo.it\/?page_id=79"},"modified":"2020-08-22T16:44:47","modified_gmt":"2020-08-22T14:44:47","slug":"mobilhomes","status":"publish","type":"page","link":"https:\/\/aulacdecomo.it\/de\/mobilhomes\/","title":{"rendered":"Mobilhomes am See mit Bad und K\u00fcche"},"content":{"rendered":"<p><div id='gallery-1' class='gallery galleryid-79 gallery-columns-4 gallery-size-thumbnail'><figure class='gallery-item'>\n\t\t\t<div class='gallery-icon landscape'>\n\t\t\t\t<a href='https:\/\/aulacdecomo.it\/de\/mobilhomes\/mobil1\/'><img loading=\"lazy\" decoding=\"async\" width=\"150\" height=\"84\" src=\"https:\/\/aulacdecomo.it\/wp-content\/uploads\/Mobil1.jpg\" class=\"attachment-thumbnail size-thumbnail\" alt=\"Mobilhome\" \/><\/a>\n\t\t\t<\/div><\/figure><figure class='gallery-item'>\n\t\t\t<div class='gallery-icon landscape'>\n\t\t\t\t<a href='https:\/\/aulacdecomo.it\/de\/mobilhomes\/mobil2\/'><img loading=\"lazy\" decoding=\"async\" width=\"150\" height=\"84\" src=\"https:\/\/aulacdecomo.it\/wp-content\/uploads\/Mobil2.jpg\" class=\"attachment-thumbnail size-thumbnail\" alt=\"Mobilhome\" \/><\/a>\n\t\t\t<\/div><\/figure><figure class='gallery-item'>\n\t\t\t<div class='gallery-icon landscape'>\n\t\t\t\t<a href='https:\/\/aulacdecomo.it\/de\/mobilhome_10\/'><img loading=\"lazy\" decoding=\"async\" width=\"150\" height=\"113\" src=\"https:\/\/aulacdecomo.it\/wp-content\/uploads\/mobilhome_10-scaled.jpg\" class=\"attachment-thumbnail size-thumbnail\" alt=\"Mobilhome\" \/><\/a>\n\t\t\t<\/div><\/figure><figure class='gallery-item'>\n\t\t\t<div class='gallery-icon landscape'>\n\t\t\t\t<a href='https:\/\/aulacdecomo.it\/de\/mobilhome_9\/'><img loading=\"lazy\" decoding=\"async\" width=\"150\" height=\"113\" src=\"https:\/\/aulacdecomo.it\/wp-content\/uploads\/mobilhome_9-scaled.jpg\" class=\"attachment-thumbnail size-thumbnail\" alt=\"Mobilhome\" \/><\/a>\n\t\t\t<\/div><\/figure><figure class='gallery-item'>\n\t\t\t<div class='gallery-icon landscape'>\n\t\t\t\t<a href='https:\/\/aulacdecomo.it\/de\/mobilhome_7\/'><img loading=\"lazy\" decoding=\"async\" width=\"150\" height=\"113\" src=\"https:\/\/aulacdecomo.it\/wp-content\/uploads\/mobilhome_7-scaled.jpg\" class=\"attachment-thumbnail size-thumbnail\" alt=\"Mobilhome\" \/><\/a>\n\t\t\t<\/div><\/figure><figure class='gallery-item'>\n\t\t\t<div class='gallery-icon landscape'>\n\t\t\t\t<a href='https:\/\/aulacdecomo.it\/de\/mobilhome_1\/'><img loading=\"lazy\" decoding=\"async\" width=\"150\" height=\"113\" src=\"https:\/\/aulacdecomo.it\/wp-content\/uploads\/mobilhome_1-scaled.jpg\" class=\"attachment-thumbnail size-thumbnail\" alt=\"Mobilhome\" \/><\/a>\n\t\t\t<\/div><\/figure><figure class='gallery-item'>\n\t\t\t<div class='gallery-icon landscape'>\n\t\t\t\t<a href='https:\/\/aulacdecomo.it\/de\/mobilhome_2\/'><img loading=\"lazy\" decoding=\"async\" width=\"150\" height=\"113\" src=\"https:\/\/aulacdecomo.it\/wp-content\/uploads\/mobilhome_2-scaled.jpg\" class=\"attachment-thumbnail size-thumbnail\" alt=\"Mobilhome\" \/><\/a>\n\t\t\t<\/div><\/figure><figure class='gallery-item'>\n\t\t\t<div class='gallery-icon landscape'>\n\t\t\t\t<a href='https:\/\/aulacdecomo.it\/de\/mobilhome_3\/'><img loading=\"lazy\" decoding=\"async\" width=\"150\" height=\"113\" src=\"https:\/\/aulacdecomo.it\/wp-content\/uploads\/mobilhome_3-scaled.jpg\" class=\"attachment-thumbnail size-thumbnail\" alt=\"Mobilhome\" \/><\/a>\n\t\t\t<\/div><\/figure><figure class='gallery-item'>\n\t\t\t<div class='gallery-icon portrait'>\n\t\t\t\t<a href='https:\/\/aulacdecomo.it\/de\/mobilhome_6\/'><img loading=\"lazy\" decoding=\"async\" width=\"113\" height=\"150\" src=\"https:\/\/aulacdecomo.it\/wp-content\/uploads\/mobilhome_6-scaled.jpg\" class=\"attachment-thumbnail size-thumbnail\" alt=\"Mobilhome\" \/><\/a>\n\t\t\t<\/div><\/figure><figure class='gallery-item'>\n\t\t\t<div class='gallery-icon landscape'>\n\t\t\t\t<a href='https:\/\/aulacdecomo.it\/de\/mobilhome_4\/'><img loading=\"lazy\" decoding=\"async\" width=\"150\" height=\"113\" src=\"https:\/\/aulacdecomo.it\/wp-content\/uploads\/mobilhome_4-scaled.jpg\" class=\"attachment-thumbnail size-thumbnail\" alt=\"Mobilhome\" \/><\/a>\n\t\t\t<\/div><\/figure><figure class='gallery-item'>\n\t\t\t<div class='gallery-icon landscape'>\n\t\t\t\t<a href='https:\/\/aulacdecomo.it\/de\/mobilhome_5\/'><img loading=\"lazy\" decoding=\"async\" width=\"150\" height=\"113\" src=\"https:\/\/aulacdecomo.it\/wp-content\/uploads\/mobilhome_5-scaled.jpg\" class=\"attachment-thumbnail size-thumbnail\" alt=\"Mobilhome\" \/><\/a>\n\t\t\t<\/div><\/figure><figure class='gallery-item'>\n\t\t\t<div class='gallery-icon portrait'>\n\t\t\t\t<a href='https:\/\/aulacdecomo.it\/de\/mobilhome_8\/'><img loading=\"lazy\" decoding=\"async\" width=\"113\" height=\"150\" src=\"https:\/\/aulacdecomo.it\/wp-content\/uploads\/mobilhome_8-scaled.jpg\" class=\"attachment-thumbnail size-thumbnail\" alt=\"Mobilhome\" \/><\/a>\n\t\t\t<\/div><\/figure>\n\t\t<\/div>\n<\/p>\n<h3>Kleine und mittlere Mobilhomes am See<\/h3>\n<p>2 Personen + 2 zus\u00e4tzliche Personen gegen Aufschlag m\u00f6glich<\/p>\n<h3>Gro\u00dfe Mobilhomes am See<\/h3>\n<p>4 Personen + 2 zus\u00e4tzliche Personen gegen Aufschlag m\u00f6glich<\/p>","protected":false},"excerpt":{"rendered":"<p>Kleine und mittlere Mobilhomes am See 2 Personen + 2 zus\u00e4tzliche Personen gegen Aufschlag m\u00f6glich Gro\u00dfe Mobilhomes am See 4 Personen + 2 zus\u00e4tzliche Personen gegen Aufschlag m\u00f6glich<\/p>\n","protected":false},"author":2,"featured_media":0,"parent":0,"menu_order":0,"comment_status":"closed","ping_status":"closed","template":"","meta":{"footnotes":""},"class_list":["post-79","page","type-page","status-publish","hentry"],"_links":{"self":[{"href":"https:\/\/aulacdecomo.it\/de\/wp-json\/wp\/v2\/pages\/79","targetHints":{"allow":["GET"]}}],"collection":[{"href":"https:\/\/aulacdecomo.it\/de\/wp-json\/wp\/v2\/pages"}],"about":[{"href":"https:\/\/aulacdecomo.it\/de\/wp-json\/wp\/v2\/types\/page"}],"author":[{"embeddable":true,"href":"https:\/\/aulacdecomo.it\/de\/wp-json\/wp\/v2\/users\/2"}],"replies":[{"embeddable":true,"href":"https:\/\/aulacdecomo.it\/de\/wp-json\/wp\/v2\/comments?post=79"}],"version-history":[{"count":22,"href":"https:\/\/aulacdecomo.it\/de\/wp-json\/wp\/v2\/pages\/79\/revisions"}],"predecessor-version":[{"id":662,"href":"https:\/\/aulacdecomo.it\/de\/wp-json\/wp\/v2\/pages\/79\/revisions\/662"}],"wp:attachment":[{"href":"https:\/\/aulacdecomo.it\/de\/wp-json\/wp\/v2\/media?parent=79"}],"curies":[{"name":"wp","href":"https:\/\/api.w.org\/{rel}","templated":true}]}}