{"id":183,"date":"2016-01-30T13:32:23","date_gmt":"2016-01-30T12:32:23","guid":{"rendered":"https:\/\/aulacdecomo.it\/?page_id=183"},"modified":"2021-08-21T00:16:14","modified_gmt":"2021-08-20T22:16:14","slug":"activities","status":"publish","type":"page","link":"https:\/\/aulacdecomo.it\/es\/location\/activities\/","title":{"rendered":"Actividades locales"},"content":{"rendered":"<p>Una por una, presentamos las posibles actividades en la zona de Sorico. Haga clic en una de las palabras clave siguientes para ver los art\u00edculos correspondientes:<\/p>\n<a href=\"https:\/\/aulacdecomo.it\/es\/tag\/boating\/\" class=\"tag-cloud-link tag-link-20 tag-link-position-1\" style=\"font-size: 14px;\" aria-label=\"boating (1 elemento)\">boating<\/a>\n<a href=\"https:\/\/aulacdecomo.it\/es\/tag\/challenging\/\" class=\"tag-cloud-link tag-link-15 tag-link-position-2\" style=\"font-size: 14px;\" aria-label=\"challenging (1 elemento)\">challenging<\/a>\n<a href=\"https:\/\/aulacdecomo.it\/es\/tag\/city\/\" class=\"tag-cloud-link tag-link-9 tag-link-position-3\" style=\"font-size: 28.375px;\" aria-label=\"city (3 elementos)\">city<\/a>\n<a href=\"https:\/\/aulacdecomo.it\/es\/tag\/climbing\/\" class=\"tag-cloud-link tag-link-13 tag-link-position-4\" style=\"font-size: 14px;\" aria-label=\"climbing (1 elemento)\">climbing<\/a>\n<a href=\"https:\/\/aulacdecomo.it\/es\/tag\/hiking\/\" class=\"tag-cloud-link tag-link-12 tag-link-position-5\" style=\"font-size: 28.375px;\" aria-label=\"hiking (3 elementos)\">hiking<\/a>\n<a href=\"https:\/\/aulacdecomo.it\/es\/tag\/historical\/\" class=\"tag-cloud-link tag-link-7 tag-link-position-6\" style=\"font-size: 33.166666666667px;\" aria-label=\"historical (4 elementos)\">historical<\/a>\n<a href=\"https:\/\/aulacdecomo.it\/es\/tag\/lakeside\/\" class=\"tag-cloud-link tag-link-10 tag-link-position-7\" style=\"font-size: 33.166666666667px;\" aria-label=\"lakeside (4 elementos)\">lakeside<\/a>\n<a href=\"https:\/\/aulacdecomo.it\/es\/tag\/mountain-village\/\" class=\"tag-cloud-link tag-link-16 tag-link-position-8\" style=\"font-size: 14px;\" aria-label=\"mountain village (1 elemento)\">mountain village<\/a>\n<a href=\"https:\/\/aulacdecomo.it\/es\/tag\/nature\/\" class=\"tag-cloud-link tag-link-14 tag-link-position-9\" style=\"font-size: 33.166666666667px;\" aria-label=\"nature (4 elementos)\">nature<\/a>\n<a href=\"https:\/\/aulacdecomo.it\/es\/tag\/quiet\/\" class=\"tag-cloud-link tag-link-6 tag-link-position-10\" style=\"font-size: 28.375px;\" aria-label=\"quiet (3 elementos)\">quiet<\/a>\n<a href=\"https:\/\/aulacdecomo.it\/es\/tag\/sightseeing\/\" class=\"tag-cloud-link tag-link-8 tag-link-position-11\" style=\"font-size: 37px;\" aria-label=\"sightseeing (5 elementos)\">sightseeing<\/a>\n<a href=\"https:\/\/aulacdecomo.it\/es\/tag\/swimming\/\" class=\"tag-cloud-link tag-link-17 tag-link-position-12\" style=\"font-size: 22.625px;\" aria-label=\"swimming (2 elementos)\">swimming<\/a>\n<h1>Descripci\u00f3n breve<\/h1>\n<p>A partir del camping, es posible realizar diversas actividades de ocio. Nos gustar\u00eda presentar aqu\u00ed algunas de ellas clasificadas por el usuario cl\u00e1sico.<\/p>\n<h2>El aventurero<\/h2>\n<p>El camping es un punto de partida ideal para excursiones de medio y alto nivel alpino de un d\u00eda y de varios d\u00edas hasta una peque\u00f1a traves\u00eda de los Alpes en direcci\u00f3n a Lugano, pero tambi\u00e9n cerca de las zonas de esqu\u00ed de Madesimo y <a href=\"http:\/\/www.skiareavalchiavenna.it\/it\" target=\"_blank\" rel=\"noopener noreferrer\">Campodolcino<\/a> y no muy lejos del Bernina Express. La escalada y el barranquismo son relativamente buenos en la zona. Adem\u00e1s, se ofrecen excursiones guiadas de senderismo y en barco a la reserva natural, excursiones de observaci\u00f3n de aves y tambi\u00e9n paseos de hierbas en los alrededores. Por \u00faltimo, pero no menos importante, el camping tambi\u00e9n cuenta con la <a href=\"http:\/\/www.jochum.ch\/de\/gleitschirmfliegen.html\">escuela de parapente de Arno Jochum<\/a>.<\/p>\n<h2>La deportista del agua<\/h2>\n<p>.<br \/>\nExiste la <a href=\"http:\/\/www.jc-kiting.com\/de-ch\/\">Escuela de surf JC Kiting<\/a> y varias otras escuelas de surf cercanas. Tambi\u00e9n disponemos de una gran variedad de barcos de alquiler para explorar el lago y el r\u00edo Mera, que desemboca en el lago en Sorico. Se puede nadar en el lago, pero tambi\u00e9n en nuestra piscina o en la piscina del pueblo vecino de Gera Lario.<\/p>\n<h2>El turista<\/h2>\n<p>Por supuesto, desde el camping tambi\u00e9n se pueden realizar excursiones a Mil\u00e1n, Como, B\u00e9rgamo y San Moritz, por ejemplo, a trav\u00e9s de la conexi\u00f3n con el servicio de trenes de Colico. Tambi\u00e9n hay varias iglesias dise\u00f1adas por pintores venecianos para visitar en el lago de Como. Adem\u00e1s, est\u00e1 la casa de George Clooney en el lago Como.<\/p>\n<h2>La familia<\/h2>\n<p>Hay un parque infantil, una pista de tenis, una cancha de voleibol de playa y una mesa de ping-pong para los ni\u00f1os, y un sendero para los padres preocupados por la salud. Tambi\u00e9n hay eventos musicales y de baile regulares durante la temporada. Tambi\u00e9n hay un centro de equitaci\u00f3n en las cercan\u00edas.<\/p>","protected":false},"excerpt":{"rendered":"<p>Una por una, presentamos las posibles actividades en la zona de Sorico. Haga clic en una de las palabras clave siguientes para ver los art\u00edculos correspondientes: Descripci\u00f3n breve A partir del camping, es posible realizar diversas actividades de ocio. Nos gustar\u00eda presentar aqu\u00ed algunas de ellas clasificadas por el usuario cl\u00e1sico. El aventurero El camping &hellip; <a href=\"https:\/\/aulacdecomo.it\/es\/location\/activities\/\" class=\"more-link\">Continuar leyendo<span class=\"screen-reader-text\"> \u00abActividades locales\u00bb<\/span><\/a><\/p>\n","protected":false},"author":2,"featured_media":0,"parent":41,"menu_order":3,"comment_status":"closed","ping_status":"closed","template":"","meta":{"footnotes":""},"class_list":["post-183","page","type-page","status-publish","hentry"],"_links":{"self":[{"href":"https:\/\/aulacdecomo.it\/es\/wp-json\/wp\/v2\/pages\/183","targetHints":{"allow":["GET"]}}],"collection":[{"href":"https:\/\/aulacdecomo.it\/es\/wp-json\/wp\/v2\/pages"}],"about":[{"href":"https:\/\/aulacdecomo.it\/es\/wp-json\/wp\/v2\/types\/page"}],"author":[{"embeddable":true,"href":"https:\/\/aulacdecomo.it\/es\/wp-json\/wp\/v2\/users\/2"}],"replies":[{"embeddable":true,"href":"https:\/\/aulacdecomo.it\/es\/wp-json\/wp\/v2\/comments?post=183"}],"version-history":[{"count":18,"href":"https:\/\/aulacdecomo.it\/es\/wp-json\/wp\/v2\/pages\/183\/revisions"}],"predecessor-version":[{"id":711,"href":"https:\/\/aulacdecomo.it\/es\/wp-json\/wp\/v2\/pages\/183\/revisions\/711"}],"up":[{"embeddable":true,"href":"https:\/\/aulacdecomo.it\/es\/wp-json\/wp\/v2\/pages\/41"}],"wp:attachment":[{"href":"https:\/\/aulacdecomo.it\/es\/wp-json\/wp\/v2\/media?parent=183"}],"curies":[{"name":"wp","href":"https:\/\/api.w.org\/{rel}","templated":true}]}}