{"id":281,"date":"2016-10-29T15:04:12","date_gmt":"2016-10-29T13:04:12","guid":{"rendered":"https:\/\/aulacdecomo.it\/?page_id=281"},"modified":"2022-02-14T17:07:32","modified_gmt":"2022-02-14T16:07:32","slug":"privacy","status":"publish","type":"page","link":"https:\/\/aulacdecomo.it\/es\/privacy\/","title":{"rendered":"Privacy"},"content":{"rendered":"<p><\/p>\n<h2>Datos del responsable (la empresa)<\/h2>\n<p>Camping Hotel Au Lac de Como di Guglielmana S&amp;C s.a.s<br \/>\nVia C. Battisti, 18<br \/>\n22010, Sorico (CO)<br \/>\nTel. +39.034484035 &#8211; +39.033484716 &#8211; +39.335216421<br \/>\nfax +39.034484802<br \/>\n<a href=\"mailto:info@aulacdecomo.com\">info@aulacdecomo.com<\/a><\/p>\n<p>Si tiene alguna pregunta sobre la protecci\u00f3n de datos, p\u00f3ngase en contacto con nosotros en la direcci\u00f3n arriba indicada.<\/p>\n<h2>Tratamiento de sus datos personales &#8211; finalidades y base jur\u00eddica<\/h2>\n<h3>Archivos de registro<\/h3>\n<p>Cuando se accede a nuestro sitio web, se establecen archivos de registro que permanecen almacenados durante 24 horas.<\/p>\n<div class=\"embed-privacy-opt-out\" data-show-all=\"1\">\n<h3>Proveedores de incrustados<\/h3>\n<p>Activa o desactiva proveedores de incrustados globalmente. Al activar a un proveedor, su contenido incrustado ser\u00e1 mostrado directamente en cada p\u00e1gina, sin preguntarte.<\/p>\n<span class=\"embed-privacy-provider\">\n<label class=\"embed-privacy-opt-out-label\" for=\"embed-privacy-provider-anghami-177824381292\" data-embed-provider=\"anghami\"><input type=\"checkbox\" id=\"embed-privacy-provider-anghami-177824381292\"  class=\"embed-privacy-opt-out-input\" data-embed-provider=\"anghami\"> Cargar todos los incrustados desde Anghami<\/label><br>\n<\/span>\n<span class=\"embed-privacy-provider\">\n<label class=\"embed-privacy-opt-out-label\" for=\"embed-privacy-provider-bluesky-177824381292\" data-embed-provider=\"bluesky\"><input type=\"checkbox\" id=\"embed-privacy-provider-bluesky-177824381292\"  class=\"embed-privacy-opt-out-input\" data-embed-provider=\"bluesky\"> Cargar todos los incrustados desde Bluesky<\/label><br>\n<\/span>\n<span class=\"embed-privacy-provider\">\n<label class=\"embed-privacy-opt-out-label\" for=\"embed-privacy-provider-canva-17782438129201\" data-embed-provider=\"canva\"><input type=\"checkbox\" id=\"embed-privacy-provider-canva-17782438129201\"  class=\"embed-privacy-opt-out-input\" data-embed-provider=\"canva\"> Cargar todos los incrustados desde Canva<\/label><br>\n<\/span>\n<span class=\"embed-privacy-provider\">\n<label class=\"embed-privacy-opt-out-label\" for=\"embed-privacy-provider-maps-marker-pro-17782438129201\" data-embed-provider=\"maps-marker-pro\"><input type=\"checkbox\" id=\"embed-privacy-provider-maps-marker-pro-17782438129201\"  class=\"embed-privacy-opt-out-input\" data-embed-provider=\"maps-marker-pro\"> Cargar todos los incrustados desde Maps Marker Pro<\/label><br>\n<\/span>\n<span class=\"embed-privacy-provider\">\n<label class=\"embed-privacy-opt-out-label\" for=\"embed-privacy-provider-openstreetmap-17782438129201\" data-embed-provider=\"openstreetmap\"><input type=\"checkbox\" id=\"embed-privacy-provider-openstreetmap-17782438129201\"  class=\"embed-privacy-opt-out-input\" data-embed-provider=\"openstreetmap\"> Cargar todos los incrustados desde OpenStreetMap<\/label><br>\n<\/span>\n<span class=\"embed-privacy-provider\">\n<label class=\"embed-privacy-opt-out-label\" for=\"embed-privacy-provider-pocket-casts-17782438129201\" data-embed-provider=\"pocket-casts\"><input type=\"checkbox\" id=\"embed-privacy-provider-pocket-casts-17782438129201\"  class=\"embed-privacy-opt-out-input\" data-embed-provider=\"pocket-casts\"> Cargar todos los incrustados desde Pocket Casts<\/label><br>\n<\/span>\n<span class=\"embed-privacy-provider\">\n<label class=\"embed-privacy-opt-out-label\" for=\"embed-privacy-provider-pocket-casts-17782438129202\" data-embed-provider=\"pocket-casts\"><input type=\"checkbox\" id=\"embed-privacy-provider-pocket-casts-17782438129202\"  class=\"embed-privacy-opt-out-input\" data-embed-provider=\"pocket-casts\"> Cargar todos los incrustados desde Pocket Casts<\/label><br>\n<\/span>\n<span class=\"embed-privacy-provider\">\n<label class=\"embed-privacy-opt-out-label\" for=\"embed-privacy-provider-pocket-casts-17782438129202\" data-embed-provider=\"pocket-casts\"><input type=\"checkbox\" id=\"embed-privacy-provider-pocket-casts-17782438129202\"  class=\"embed-privacy-opt-out-input\" data-embed-provider=\"pocket-casts\"> Cargar todos los incrustados desde Pocket Casts<\/label><br>\n<\/span>\n<span class=\"embed-privacy-provider\">\n<label class=\"embed-privacy-opt-out-label\" for=\"embed-privacy-provider-pocket-casts-17782438129202\" data-embed-provider=\"pocket-casts\"><input type=\"checkbox\" id=\"embed-privacy-provider-pocket-casts-17782438129202\"  class=\"embed-privacy-opt-out-input\" data-embed-provider=\"pocket-casts\"> Cargar todos los incrustados desde Pocket Casts<\/label><br>\n<\/span>\n<\/div>\n\n<p>Los contenidos de proveedores externos se integran en nuestro sitio web, pero s\u00f3lo se cargan tras su aprobaci\u00f3n al hacer clic en ellos. En este caso, estos proveedores externos pueden procesar sus datos personales aunque usted no tenga una cuenta en este servicio.<\/p>\n<h4>OPENSTREETMAP (FUNDACI\u00d3N OPENSTREETMAP)<\/h4>\n<p>Situado en OpenStreetMap.org, el proyecto OpenStreetMap es una iniciativa mundial bajo el paraguas de la Fundaci\u00f3n OpenStreetMap (OSMF) con el objetivo de recopilar geodatos y ponerlos a disposici\u00f3n de todos de forma gratuita. El proyecto cuenta con el apoyo de m\u00e1s de 400.000 voluntarios en todo el mundo.<br \/>\nDatos personales tratados: Datos de uso.<\/p>\n<p>Lugar de procesamiento: Reino Unido y Pa\u00edses Bajos &#8211; <a href=\"https:\/\/wiki.osmfoundation.org\/wiki\/Privacy_Policy\">Pol\u00edtica de privacidad<\/a><\/p>\n<h3>Procesamiento de datos de la empresa<\/h3>\n<p>Tratamos los datos personales sobre la base de las normas de protecci\u00f3n de datos del Reglamento General de Protecci\u00f3n de Datos (DS-GVO), as\u00ed como de la Ley Federal de Protecci\u00f3n de Datos (BDSG) y, en su caso, de las leyes de protecci\u00f3n de datos de los distintos estados federados. Los datos de los siguientes grupos de personas son tratados por los respectivos responsables de la empresa para el cumplimiento de las tareas.<\/p>\n<p>En detalle, esto significa:<\/p>\n<ul>\n<li>Los <strong>datos del cliente<\/strong> se procesan para la ejecuci\u00f3n y el apoyo de la relaci\u00f3n contractual o la relaci\u00f3n precontractual, as\u00ed como para las consultas de contacto y la comunicaci\u00f3n sobre la base del art\u00edculo 6, apartado 1, frase 1, letra b), del DS-GVO y del art\u00edculo 6, apartado 1, frase 1, letra c), del DS-GVO.<\/li>\n<\/ul>\n<h2>Per\u00edodo de almacenamiento<\/h2>\n<p>Los datos personales almacenados por nosotros se eliminar\u00e1n de acuerdo con los requisitos legales. Suprimimos los datos en cuanto dejan de ser necesarios para la finalidad del tratamiento, se revoca un consentimiento dado o dejan de aplicarse otros permisos.<br \/>\nLos datos que deban seguir almacen\u00e1ndose, por ejemplo, por razones de derecho mercantil o fiscal, o cuyo almacenamiento siga siendo necesario para la formulaci\u00f3n, el ejercicio o la defensa de reclamaciones legales, se eliminar\u00e1n tan pronto como dejen de serlo.<\/p>\n<h2>Derechos del interesado<\/h2>\n<p>Si tratamos datos personales sobre usted, tiene los siguientes derechos como interesado:<\/p>\n<ul>\n<li>derecho a la informaci\u00f3n sobre los datos tratados y a recibir una copia,<\/li>\n<li>un derecho de rectificaci\u00f3n si tratamos datos incorrectos sobre usted,<\/li>\n<li>el derecho a la supresi\u00f3n, a menos que se apliquen excepciones en cuanto a la raz\u00f3n por la que seguimos almacenando los datos, por ejemplo, las obligaciones de conservaci\u00f3n o los plazos de prescripci\u00f3n<\/li>\n<li>derecho a restringir el tratamiento,<\/li>\n<li>el derecho a revocar el consentimiento para el tratamiento de datos en cualquier momento,<\/li>\n<li>derecho a oponerse al tratamiento en inter\u00e9s p\u00fablico o leg\u00edtimo,<\/li>\n<li>el derecho a la portabilidad de los datos,<\/li>\n<li>derecho a reclamar ante una autoridad de control de la protecci\u00f3n de datos si considera que no estamos tratando sus datos adecuadamente. El responsable de nuestra empresa es el <a href=\"https:\/\/www.garanteprivacy.it\/\">Garante per la protezione dei dati personali<\/a>. No obstante, si no se encuentra en Italia, tambi\u00e9n puede dirigirse a la autoridad local de protecci\u00f3n de datos.<\/li>\n<\/ul>\n<p><\/p>","protected":false},"excerpt":{"rendered":"<p>Datos del responsable (la empresa) Camping Hotel Au Lac de Como di Guglielmana S&amp;C s.a.s Via C. Battisti, 18 22010, Sorico (CO) Tel. +39.034484035 &#8211; +39.033484716 &#8211; +39.335216421 fax +39.034484802 info@aulacdecomo.com Si tiene alguna pregunta sobre la protecci\u00f3n de datos, p\u00f3ngase en contacto con nosotros en la direcci\u00f3n arriba indicada. Tratamiento de sus datos personales &hellip; <a href=\"https:\/\/aulacdecomo.it\/es\/privacy\/\" class=\"more-link\">Continuar leyendo<span class=\"screen-reader-text\"> \u00abPrivacy\u00bb<\/span><\/a><\/p>\n","protected":false},"author":2,"featured_media":0,"parent":0,"menu_order":0,"comment_status":"closed","ping_status":"closed","template":"","meta":{"footnotes":""},"class_list":["post-281","page","type-page","status-publish","hentry"],"_links":{"self":[{"href":"https:\/\/aulacdecomo.it\/es\/wp-json\/wp\/v2\/pages\/281","targetHints":{"allow":["GET"]}}],"collection":[{"href":"https:\/\/aulacdecomo.it\/es\/wp-json\/wp\/v2\/pages"}],"about":[{"href":"https:\/\/aulacdecomo.it\/es\/wp-json\/wp\/v2\/types\/page"}],"author":[{"embeddable":true,"href":"https:\/\/aulacdecomo.it\/es\/wp-json\/wp\/v2\/users\/2"}],"replies":[{"embeddable":true,"href":"https:\/\/aulacdecomo.it\/es\/wp-json\/wp\/v2\/comments?post=281"}],"version-history":[{"count":39,"href":"https:\/\/aulacdecomo.it\/es\/wp-json\/wp\/v2\/pages\/281\/revisions"}],"predecessor-version":[{"id":856,"href":"https:\/\/aulacdecomo.it\/es\/wp-json\/wp\/v2\/pages\/281\/revisions\/856"}],"wp:attachment":[{"href":"https:\/\/aulacdecomo.it\/es\/wp-json\/wp\/v2\/media?parent=281"}],"curies":[{"name":"wp","href":"https:\/\/api.w.org\/{rel}","templated":true}]}}