{"id":41,"date":"2016-01-28T00:47:03","date_gmt":"2016-01-27T23:47:03","guid":{"rendered":"https:\/\/aulacdecomo.it\/?page_id=41"},"modified":"2022-02-14T16:08:02","modified_gmt":"2022-02-14T15:08:02","slug":"location","status":"publish","type":"page","link":"https:\/\/aulacdecomo.it\/es\/location\/","title":{"rendered":"Alrededores"},"content":{"rendered":"<p><\/p>\n<div><span id=\"result_box\" class=\"\" lang=\"es\" tabindex=\"-1\"><span class=\"\">Los alrededores del campamento en el pueblo de Sorico est\u00e1n dominados por el lago, donde fluye el r\u00edo Mera, y las monta\u00f1as omnipresentes.<\/span> <span class=\"\">Cerca de la frontera con Suiza encontrar\u00e1 un entorno alpino, ideal para practicar senderismo o parapente.<\/span> <span class=\"\">Pero tambi\u00e9n el lago ofrece muchas <a href=\"https:\/\/aulacdecomo.it\/location\/activities\/\">actividades<\/a>, desde paseos en bote hasta surf.<\/span> <span class=\"\">Por \u00faltimo, pero no por ello menos importante, se puede llegar a ciudades como Mil\u00e1n, Como o Lugano con bastante rapidez tanto en coche como en transporte p\u00fablico.<\/span><\/span><\/div>\n<div><\/div>\n<div class=\"embed-privacy-container is-disabled embed-openstreetmap\" data-embed-id=\"oembed_9c54b768297c34f722eeaf1b599bf820\" data-embed-provider=\"openstreetmap\" style=\"background-image: url(https:\/\/aulacdecomo.it\/wp-content\/uploads\/osm-screenshot.png?ver=1675006951); aspect-ratio: 425\/350;\">\t\t\t\t\t\t<button type=\"button\" class=\"embed-privacy-enable screen-reader-text\">Mostrar contenido de OpenStreetMap<\/button>\t\t\t\t\t\t<\/p>\n<div class=\"embed-privacy-overlay\">\n<div class=\"embed-privacy-inner\">\n<div class=\"embed-privacy-logo\" style=\"background-image: url(https:\/\/aulacdecomo.it\/wp-content\/uploads\/logo.png?ver=1675006949);\"><\/div>\n<p>\t\tHaga clic aqu\u00ed para visualizar el mapa incrustado de OpenStreetMap.\t\t\t\t\t<br \/>\t\t\t\t\tM\u00e1s informaci\u00f3n en la <a href=\"https:\/\/wiki.osmfoundation.org\/wiki\/Privacy_Policy\" target=\"_blank\">pol\u00edtica de privacidad de OpenStreetMap<\/a>.\t\t<\/p>\n<p class=\"embed-privacy-input-wrapper\">\t\t\t<input id=\"embed-privacy-store-openstreetmap-9c54b768297c34f722eeaf1b599bf820\" type=\"checkbox\" value=\"1\" class=\"embed-privacy-input\" data-embed-provider=\"openstreetmap\">\t\t\t<label for=\"embed-privacy-store-openstreetmap-9c54b768297c34f722eeaf1b599bf820\" class=\"embed-privacy-label\" data-embed-provider=\"openstreetmap\">\t\t\t\tMostrar siempre contenido de OpenStreetMap\t\t\t<\/label>\t\t<\/p>\n<\/p><\/div>\n<div class=\"embed-privacy-footer\"><span class=\"embed-privacy-url\"><a href=\"https:\/\/www.openstreetmap.org\/export\/embed.html?bbox=8.473205566406252%2C45.74548533557156%2C10.285949707031252%2C46.592843997427416&amp;layer=hot&amp;marker=46.170796468328355%2C9.37957763671875\">Open content directly<\/a><\/span><\/div>\n<\/p><\/div>\n<div class=\"embed-privacy-content\">\t\t\t\t<script>var _oembed_9c54b768297c34f722eeaf1b599bf820 = '{\\\"embed\\\":\\\"&lt;iframe style=&quot;border: 1px solid black;&quot; src=&quot;https:\\\\\/\\\\\/www.openstreetmap.org\\\\\/export\\\\\/embed.html?bbox=8.473205566406252%2C45.74548533557156%2C10.285949707031252%2C46.592843997427416&amp;amp;layer=hot&amp;amp;marker=46.170796468328355%2C9.37957763671875&quot; width=&quot;425&quot; height=&quot;350&quot; frameborder=&quot;0&quot; marginwidth=&quot;0&quot; marginheight=&quot;0&quot; scrolling=&quot;no&quot;&gt;&lt;\\\\\/iframe&gt;\\\"}';<\/script>\t\t\t<\/div>\n<\/p><\/div>\n<p><small><a href=\"http:\/\/www.openstreetmap.org\/?mlat=46.1708&amp;mlon=9.3796#map=10\/46.1708\/9.3796&amp;layers=H\">Mostrar todo el mapa (p\u00e1gina externa)<\/a><\/small><\/p>\n<div>Hotel Ristorante Camping Au Lac De Como<br \/>\nVia C. Battisti, 18<br \/>\n22010, Sorico (CO)<br \/>\nGPS: N 46\u00b0 10&#8242; 14.040\u00bb &#8211; E 9\u00b0 22&#8242; 44.890\u00bb<br \/>\nTel. +39.034484035 &#8211; +39.033484716 &#8211; +39.335216421<br \/>\nFax +39.034484802<\/div>\n<p><\/p>","protected":false},"excerpt":{"rendered":"<p>Los alrededores del campamento en el pueblo de Sorico est\u00e1n dominados por el lago, donde fluye el r\u00edo Mera, y las monta\u00f1as omnipresentes. Cerca de la frontera con Suiza encontrar\u00e1 un entorno alpino, ideal para practicar senderismo o parapente. Pero tambi\u00e9n el lago ofrece muchas actividades, desde paseos en bote hasta surf. Por \u00faltimo, pero &hellip; <a href=\"https:\/\/aulacdecomo.it\/es\/location\/\" class=\"more-link\">Continuar leyendo<span class=\"screen-reader-text\"> \u00abAlrededores\u00bb<\/span><\/a><\/p>\n","protected":false},"author":2,"featured_media":0,"parent":0,"menu_order":2,"comment_status":"closed","ping_status":"closed","template":"","meta":{"footnotes":""},"class_list":["post-41","page","type-page","status-publish","hentry"],"_links":{"self":[{"href":"https:\/\/aulacdecomo.it\/es\/wp-json\/wp\/v2\/pages\/41","targetHints":{"allow":["GET"]}}],"collection":[{"href":"https:\/\/aulacdecomo.it\/es\/wp-json\/wp\/v2\/pages"}],"about":[{"href":"https:\/\/aulacdecomo.it\/es\/wp-json\/wp\/v2\/types\/page"}],"author":[{"embeddable":true,"href":"https:\/\/aulacdecomo.it\/es\/wp-json\/wp\/v2\/users\/2"}],"replies":[{"embeddable":true,"href":"https:\/\/aulacdecomo.it\/es\/wp-json\/wp\/v2\/comments?post=41"}],"version-history":[{"count":39,"href":"https:\/\/aulacdecomo.it\/es\/wp-json\/wp\/v2\/pages\/41\/revisions"}],"predecessor-version":[{"id":849,"href":"https:\/\/aulacdecomo.it\/es\/wp-json\/wp\/v2\/pages\/41\/revisions\/849"}],"wp:attachment":[{"href":"https:\/\/aulacdecomo.it\/es\/wp-json\/wp\/v2\/media?parent=41"}],"curies":[{"name":"wp","href":"https:\/\/api.w.org\/{rel}","templated":true}]}}