{"id":53,"date":"2016-01-28T01:19:11","date_gmt":"2016-01-28T00:19:11","guid":{"rendered":"https:\/\/aulacdecomo.it\/?page_id=53"},"modified":"2024-05-25T21:50:11","modified_gmt":"2024-05-25T19:50:11","slug":"legal","status":"publish","type":"page","link":"https:\/\/aulacdecomo.it\/es\/legal\/","title":{"rendered":"Informaci\u00f3n Legal"},"content":{"rendered":"<p>Camping Hotel Au Lac de Como di Guglielmana S&amp;C s.a.s<br \/>\nVia C. Battisti, 18<br \/>\n22010, Sorico (CO)<br \/>\nTel\u00e9fono +39.034484035 &#8211; +39.033484716 &#8211; +<span id=\"uxMenuLateraleDestro_uxMenuLateraleDestroCampeggio_uxTelefono\" class=\"TestoSchedaInfo\">39.335216421<\/span><br \/>\nFax +39.034484802<br \/>\nCorreo electr\u00f3nico: info@aulacdecomo.com<\/p>\n<p>Director General: Siro Guglielmana<\/p>\n<p>Inscrita en el Registro de la C\u00e1mara de Comercio e Industria COMO N\u00ba CO &#8211; 207676<br \/>\nIDENTIFICACI\u00d3N DE TINTA: IT 00930700133<\/p>\n<p>Responsable del contenido y de la ley de prensa: Siro Guglielmana<\/p>\n<p>Realizaci\u00f3n Concepto, dise\u00f1o, CMS, tecnolog\u00eda: <a href=\"https\/\/smoser.eu\/\">Simon Moser IT<\/a><\/p>","protected":false},"excerpt":{"rendered":"<p>Camping Hotel Au Lac de Como di Guglielmana S&amp;C s.a.s Via C. Battisti, 18 22010, Sorico (CO) Tel\u00e9fono +39.034484035 &#8211; +39.033484716 &#8211; +39.335216421 Fax +39.034484802 Correo electr\u00f3nico: info@aulacdecomo.com Director General: Siro Guglielmana Inscrita en el Registro de la C\u00e1mara de Comercio e Industria COMO N\u00ba CO &#8211; 207676 IDENTIFICACI\u00d3N DE TINTA: IT 00930700133 Responsable del &hellip; <a href=\"https:\/\/aulacdecomo.it\/es\/legal\/\" class=\"more-link\">Continuar leyendo<span class=\"screen-reader-text\"> \u00abInformaci\u00f3n Legal\u00bb<\/span><\/a><\/p>\n","protected":false},"author":2,"featured_media":0,"parent":0,"menu_order":0,"comment_status":"closed","ping_status":"closed","template":"","meta":{"footnotes":""},"class_list":["post-53","page","type-page","status-publish","hentry"],"_links":{"self":[{"href":"https:\/\/aulacdecomo.it\/es\/wp-json\/wp\/v2\/pages\/53","targetHints":{"allow":["GET"]}}],"collection":[{"href":"https:\/\/aulacdecomo.it\/es\/wp-json\/wp\/v2\/pages"}],"about":[{"href":"https:\/\/aulacdecomo.it\/es\/wp-json\/wp\/v2\/types\/page"}],"author":[{"embeddable":true,"href":"https:\/\/aulacdecomo.it\/es\/wp-json\/wp\/v2\/users\/2"}],"replies":[{"embeddable":true,"href":"https:\/\/aulacdecomo.it\/es\/wp-json\/wp\/v2\/comments?post=53"}],"version-history":[{"count":20,"href":"https:\/\/aulacdecomo.it\/es\/wp-json\/wp\/v2\/pages\/53\/revisions"}],"predecessor-version":[{"id":952,"href":"https:\/\/aulacdecomo.it\/es\/wp-json\/wp\/v2\/pages\/53\/revisions\/952"}],"wp:attachment":[{"href":"https:\/\/aulacdecomo.it\/es\/wp-json\/wp\/v2\/media?parent=53"}],"curies":[{"name":"wp","href":"https:\/\/api.w.org\/{rel}","templated":true}]}}