{"id":841,"date":"2022-02-14T16:00:49","date_gmt":"2022-02-14T15:00:49","guid":{"rendered":"https:\/\/aulacdecomo.it\/?page_id=841"},"modified":"2022-02-14T16:09:14","modified_gmt":"2022-02-14T15:09:14","slug":"route","status":"publish","type":"page","link":"https:\/\/aulacdecomo.it\/es\/location\/route\/","title":{"rendered":"Ruta"},"content":{"rendered":"<p><\/p>\n<h3>En coche:<\/h3>\n<ul>\n<li>Autopista a Lugano-Nord, atravesando la ciudad en direcci\u00f3n a Gandria, Italia o St.Moritz. Seguir hasta Menaggio. Poco antes de la ciudad, siga la direcci\u00f3n de Sondrio hacia Sorico (desde Lugano 55 km).<\/li>\n<li>De Z\u00farich a Chur, y luego, seg\u00fan el veh\u00edculo y el estado de \u00e1nimo o la \u00e9poca del a\u00f1o, por el puerto de Spl\u00fcgen o el de Julier hasta Chiavenna. Desde all\u00ed en direcci\u00f3n a Como hasta Sorico (a 25 km de Chiavenna).<\/li>\n<\/ul>\n<h3>En tren:<\/h3>\n<ul>\n<li>Hasta Lugano, y desde all\u00ed con el Palmexpress directo (1 vez al d\u00eda) o con los autobuses italianos (cambio en Menaggio) hasta Sorico.<\/li>\n<li>Hasta Mil\u00e1n, luego en tren (normalmente con transbordo en Como) hasta Colico, y de ah\u00ed en autob\u00fas hasta Sorico.<\/li>\n<\/ul>\n<h3>En avi\u00f3n:<\/h3>\n<p>Con Ryan-Air a B\u00e9rgamo, desde all\u00ed en tren a Colico ( ver arriba) o tambi\u00e9n coches de alquiler baratos.<\/p>","protected":false},"excerpt":{"rendered":"<p>En coche: Autopista a Lugano-Nord, atravesando la ciudad en direcci\u00f3n a Gandria, Italia o St.Moritz. Seguir hasta Menaggio. Poco antes de la ciudad, siga la direcci\u00f3n de Sondrio hacia Sorico (desde Lugano 55 km). De Z\u00farich a Chur, y luego, seg\u00fan el veh\u00edculo y el estado de \u00e1nimo o la \u00e9poca del a\u00f1o, por el &hellip; <a href=\"https:\/\/aulacdecomo.it\/es\/location\/route\/\" class=\"more-link\">Continuar leyendo<span class=\"screen-reader-text\"> \u00abRuta\u00bb<\/span><\/a><\/p>\n","protected":false},"author":2,"featured_media":0,"parent":41,"menu_order":0,"comment_status":"closed","ping_status":"closed","template":"","meta":{"footnotes":""},"class_list":["post-841","page","type-page","status-publish","hentry"],"_links":{"self":[{"href":"https:\/\/aulacdecomo.it\/es\/wp-json\/wp\/v2\/pages\/841","targetHints":{"allow":["GET"]}}],"collection":[{"href":"https:\/\/aulacdecomo.it\/es\/wp-json\/wp\/v2\/pages"}],"about":[{"href":"https:\/\/aulacdecomo.it\/es\/wp-json\/wp\/v2\/types\/page"}],"author":[{"embeddable":true,"href":"https:\/\/aulacdecomo.it\/es\/wp-json\/wp\/v2\/users\/2"}],"replies":[{"embeddable":true,"href":"https:\/\/aulacdecomo.it\/es\/wp-json\/wp\/v2\/comments?post=841"}],"version-history":[{"count":2,"href":"https:\/\/aulacdecomo.it\/es\/wp-json\/wp\/v2\/pages\/841\/revisions"}],"predecessor-version":[{"id":843,"href":"https:\/\/aulacdecomo.it\/es\/wp-json\/wp\/v2\/pages\/841\/revisions\/843"}],"up":[{"embeddable":true,"href":"https:\/\/aulacdecomo.it\/es\/wp-json\/wp\/v2\/pages\/41"}],"wp:attachment":[{"href":"https:\/\/aulacdecomo.it\/es\/wp-json\/wp\/v2\/media?parent=841"}],"curies":[{"name":"wp","href":"https:\/\/api.w.org\/{rel}","templated":true}]}}