{"id":86,"date":"2016-01-28T13:06:14","date_gmt":"2016-01-28T12:06:14","guid":{"rendered":"https:\/\/aulacdecomo.it\/?page_id=86"},"modified":"2020-08-24T20:23:53","modified_gmt":"2020-08-24T18:23:53","slug":"huts","status":"publish","type":"page","link":"https:\/\/aulacdecomo.it\/es\/huts\/","title":{"rendered":"Caba\u00f1as con ba\u00f1o compartido y cocina al aire libre"},"content":{"rendered":"<p>El v\u00ednculo entre el camping r\u00fastico y los bungalows totalmente equipados son las caba\u00f1as. Ofrecen protecci\u00f3n contra el clima por un bajo precio y una cocina cubierta al aire libre con un suministro b\u00e1sico de cubiertos y vajilla. Las caba\u00f1as no tienen sus propias instalaciones sanitarias, pero los ba\u00f1os comunes del camping son compartidos.<\/p>\n<div id='gallery-5' class='gallery galleryid-86 gallery-columns-3 gallery-size-thumbnail'><figure class='gallery-item'>\n\t\t\t<div class='gallery-icon landscape'>\n\t\t\t\t<a href='https:\/\/aulacdecomo.it\/es\/huette_5\/'><img loading=\"lazy\" decoding=\"async\" width=\"150\" height=\"113\" src=\"https:\/\/aulacdecomo.it\/wp-content\/uploads\/huette_5-scaled.jpg\" class=\"attachment-thumbnail size-thumbnail\" alt=\"Caba\u00f1a\" \/><\/a>\n\t\t\t<\/div><\/figure><figure class='gallery-item'>\n\t\t\t<div class='gallery-icon landscape'>\n\t\t\t\t<a href='https:\/\/aulacdecomo.it\/es\/huette_4\/'><img loading=\"lazy\" decoding=\"async\" width=\"150\" height=\"111\" src=\"https:\/\/aulacdecomo.it\/wp-content\/uploads\/huette_4-scaled.jpg\" class=\"attachment-thumbnail size-thumbnail\" alt=\"Caba\u00f1a\" \/><\/a>\n\t\t\t<\/div><\/figure><figure class='gallery-item'>\n\t\t\t<div class='gallery-icon landscape'>\n\t\t\t\t<a href='https:\/\/aulacdecomo.it\/es\/huette_3\/'><img loading=\"lazy\" decoding=\"async\" width=\"150\" height=\"108\" src=\"https:\/\/aulacdecomo.it\/wp-content\/uploads\/huette_3-scaled.jpg\" class=\"attachment-thumbnail size-thumbnail\" alt=\"Caba\u00f1a\" \/><\/a>\n\t\t\t<\/div><\/figure><figure class='gallery-item'>\n\t\t\t<div class='gallery-icon portrait'>\n\t\t\t\t<a href='https:\/\/aulacdecomo.it\/es\/huts\/huette_1\/'><img loading=\"lazy\" decoding=\"async\" width=\"113\" height=\"150\" src=\"https:\/\/aulacdecomo.it\/wp-content\/uploads\/huette_1-scaled.jpg\" class=\"attachment-thumbnail size-thumbnail\" alt=\"Caba\u00f1a\" \/><\/a>\n\t\t\t<\/div><\/figure><figure class='gallery-item'>\n\t\t\t<div class='gallery-icon landscape'>\n\t\t\t\t<a href='https:\/\/aulacdecomo.it\/es\/huts\/bungaletti\/'><img loading=\"lazy\" decoding=\"async\" width=\"150\" height=\"113\" src=\"https:\/\/aulacdecomo.it\/wp-content\/uploads\/bungaletti.jpg\" class=\"attachment-thumbnail size-thumbnail\" alt=\"Caba\u00f1a\" \/><\/a>\n\t\t\t<\/div><\/figure><figure class='gallery-item'>\n\t\t\t<div class='gallery-icon portrait'>\n\t\t\t\t<a href='https:\/\/aulacdecomo.it\/es\/huts\/huette_2\/'><img loading=\"lazy\" decoding=\"async\" width=\"113\" height=\"150\" src=\"https:\/\/aulacdecomo.it\/wp-content\/uploads\/huette_2-scaled.jpg\" class=\"attachment-thumbnail size-thumbnail\" alt=\"Caba\u00f1a\" \/><\/a>\n\t\t\t<\/div><\/figure>\n\t\t<\/div>\n\n<p>2 personas + 2 personas adicionales posibles contra un recargo<\/p>","protected":false},"excerpt":{"rendered":"<p>El v\u00ednculo entre el camping r\u00fastico y los bungalows totalmente equipados son las caba\u00f1as. Ofrecen protecci\u00f3n contra el clima por un bajo precio y una cocina cubierta al aire libre con un suministro b\u00e1sico de cubiertos y vajilla. Las caba\u00f1as no tienen sus propias instalaciones sanitarias, pero los ba\u00f1os comunes del camping son compartidos. 2 &hellip; <a href=\"https:\/\/aulacdecomo.it\/es\/huts\/\" class=\"more-link\">Continuar leyendo<span class=\"screen-reader-text\"> \u00abCaba\u00f1as con ba\u00f1o compartido y cocina al aire libre\u00bb<\/span><\/a><\/p>\n","protected":false},"author":2,"featured_media":0,"parent":0,"menu_order":0,"comment_status":"closed","ping_status":"closed","template":"","meta":{"footnotes":""},"class_list":["post-86","page","type-page","status-publish","hentry"],"_links":{"self":[{"href":"https:\/\/aulacdecomo.it\/es\/wp-json\/wp\/v2\/pages\/86","targetHints":{"allow":["GET"]}}],"collection":[{"href":"https:\/\/aulacdecomo.it\/es\/wp-json\/wp\/v2\/pages"}],"about":[{"href":"https:\/\/aulacdecomo.it\/es\/wp-json\/wp\/v2\/types\/page"}],"author":[{"embeddable":true,"href":"https:\/\/aulacdecomo.it\/es\/wp-json\/wp\/v2\/users\/2"}],"replies":[{"embeddable":true,"href":"https:\/\/aulacdecomo.it\/es\/wp-json\/wp\/v2\/comments?post=86"}],"version-history":[{"count":17,"href":"https:\/\/aulacdecomo.it\/es\/wp-json\/wp\/v2\/pages\/86\/revisions"}],"predecessor-version":[{"id":670,"href":"https:\/\/aulacdecomo.it\/es\/wp-json\/wp\/v2\/pages\/86\/revisions\/670"}],"wp:attachment":[{"href":"https:\/\/aulacdecomo.it\/es\/wp-json\/wp\/v2\/media?parent=86"}],"curies":[{"name":"wp","href":"https:\/\/api.w.org\/{rel}","templated":true}]}}