{"id":188,"date":"2016-01-30T13:39:54","date_gmt":"2016-01-30T12:39:54","guid":{"rendered":"https:\/\/aulacdecomo.it\/?page_id=188"},"modified":"2022-02-12T16:11:34","modified_gmt":"2022-02-12T15:11:34","slug":"facilities","status":"publish","type":"page","link":"https:\/\/aulacdecomo.it\/fr\/au-lac-de-como\/facilities\/","title":{"rendered":"Facilit\u00e9s partag\u00e9es"},"content":{"rendered":"<p><span id=\"result_box\" class=\"\" lang=\"fr\"><span class=\"\">La <strong>piscine<\/strong> est ouverte dans les mois les plus chauds et offre une alternative supervis\u00e9e au lac.<\/span><\/span><\/p>\n<p><span class=\"\">Le <strong>restaurant<\/strong> du camping propose des buffets pas chers pour le d\u00eener, que les familles peuvent aussi se permettre.<\/span> <span class=\"\">Tout le monde trouvera quelque chose \u00e0 manger et personne n&rsquo;aura faim.<\/span> <span class=\"\">Le bar est ouvert toute la journ\u00e9e avec des collations (du matin), de la glace italienne et des boissons.<\/span><\/p>\n<p>Nous louons des <strong>bateaux<\/strong> aux clients, une aire de <strong>boules<\/strong>, une <strong>aire de jeux<\/strong> pour les petits enfants et sur demande un <strong>sauna<\/strong> et un <strong>solarium<\/strong>.<\/p>\n<p>Il y a de multiples <strong>installations sanitaires<\/strong> &#8211; aussi pour les personnes handicap\u00e9es &#8211; y compris une machine \u00e0 laver et un s\u00e8che-linge (tous deux payants).<\/p>","protected":false},"excerpt":{"rendered":"<p>La piscine est ouverte dans les mois les plus chauds et offre une alternative supervis\u00e9e au lac. Le restaurant du camping propose des buffets pas chers pour le d\u00eener, que les familles peuvent aussi se permettre. Tout le monde trouvera quelque chose \u00e0 manger et personne n&rsquo;aura faim. Le bar est ouvert toute la journ\u00e9e &hellip; <a href=\"https:\/\/aulacdecomo.it\/fr\/au-lac-de-como\/facilities\/\" class=\"more-link\">Continuer la lecture<span class=\"screen-reader-text\"> de &laquo;&nbsp;Facilit\u00e9s partag\u00e9es&nbsp;&raquo;<\/span><\/a><\/p>\n","protected":false},"author":2,"featured_media":0,"parent":7,"menu_order":9,"comment_status":"closed","ping_status":"closed","template":"","meta":{"footnotes":""},"class_list":["post-188","page","type-page","status-publish","hentry"],"_links":{"self":[{"href":"https:\/\/aulacdecomo.it\/fr\/wp-json\/wp\/v2\/pages\/188","targetHints":{"allow":["GET"]}}],"collection":[{"href":"https:\/\/aulacdecomo.it\/fr\/wp-json\/wp\/v2\/pages"}],"about":[{"href":"https:\/\/aulacdecomo.it\/fr\/wp-json\/wp\/v2\/types\/page"}],"author":[{"embeddable":true,"href":"https:\/\/aulacdecomo.it\/fr\/wp-json\/wp\/v2\/users\/2"}],"replies":[{"embeddable":true,"href":"https:\/\/aulacdecomo.it\/fr\/wp-json\/wp\/v2\/comments?post=188"}],"version-history":[{"count":11,"href":"https:\/\/aulacdecomo.it\/fr\/wp-json\/wp\/v2\/pages\/188\/revisions"}],"predecessor-version":[{"id":722,"href":"https:\/\/aulacdecomo.it\/fr\/wp-json\/wp\/v2\/pages\/188\/revisions\/722"}],"up":[{"embeddable":true,"href":"https:\/\/aulacdecomo.it\/fr\/wp-json\/wp\/v2\/pages\/7"}],"wp:attachment":[{"href":"https:\/\/aulacdecomo.it\/fr\/wp-json\/wp\/v2\/media?parent=188"}],"curies":[{"name":"wp","href":"https:\/\/api.w.org\/{rel}","templated":true}]}}