{"id":272,"date":"2016-10-29T14:30:20","date_gmt":"2016-10-29T12:30:20","guid":{"rendered":"https:\/\/aulacdecomo.it\/?page_id=272"},"modified":"2022-02-12T16:16:16","modified_gmt":"2022-02-12T15:16:16","slug":"infrastructure","status":"publish","type":"page","link":"https:\/\/aulacdecomo.it\/fr\/location\/infrastructure\/","title":{"rendered":"Infrastructure"},"content":{"rendered":"<p><\/p>\n<h3><span id=\"result_box\" class=\"\" lang=\"fr\" tabindex=\"-1\">Manger<\/span><\/h3>\n<p><span id=\"result_box\" class=\"\" lang=\"fr\" tabindex=\"-1\">Sur la place, il y a un restaurant familial avec des menus pas chers. En outre, il y a aussi les pizzerias <a href=\"http:\/\/pizzaspluga.it\">Spluga<\/a> et Biffi dans le village. Si vous voulez prendre soin de vous, vous trouverez un petit supermarch\u00e9 avec une boulangerie. Les grands supermarch\u00e9s sont \u00e0 environ 10 minutes en voiture, par exemple \u00e0 Colico.<\/span><\/p>\n<h3><span id=\"result_box\" class=\"\" lang=\"fr\" tabindex=\"-1\">Autre infrastructure<\/span><\/h3>\n<p><span id=\"result_box\" class=\"\" lang=\"fr\" tabindex=\"-1\">\u00c0 <a href=\"http:\/\/www.comune.sorico.co.it\">Sorico<\/a>, vous trouverez \u00e9galement une banque et un bureau de poste. Il y a aussi un bureau d&rsquo;information touristique sur place. Et juste au cas o\u00f9, vous serez bien soign\u00e9 dans la pharmacie. Pas moins, la connexion en bus m\u00e9rite d&rsquo;\u00eatre mentionn\u00e9e, qui existe en direction de Colico ou C\u00f4me.<\/span><\/p>","protected":false},"excerpt":{"rendered":"<p>Manger Sur la place, il y a un restaurant familial avec des menus pas chers. En outre, il y a aussi les pizzerias Spluga et Biffi dans le village. Si vous voulez prendre soin de vous, vous trouverez un petit supermarch\u00e9 avec une boulangerie. Les grands supermarch\u00e9s sont \u00e0 environ 10 minutes en voiture, par &hellip; <a href=\"https:\/\/aulacdecomo.it\/fr\/location\/infrastructure\/\" class=\"more-link\">Continuer la lecture<span class=\"screen-reader-text\"> de &laquo;&nbsp;Infrastructure&nbsp;&raquo;<\/span><\/a><\/p>\n","protected":false},"author":2,"featured_media":0,"parent":41,"menu_order":0,"comment_status":"closed","ping_status":"closed","template":"","meta":{"footnotes":""},"class_list":["post-272","page","type-page","status-publish","hentry"],"_links":{"self":[{"href":"https:\/\/aulacdecomo.it\/fr\/wp-json\/wp\/v2\/pages\/272","targetHints":{"allow":["GET"]}}],"collection":[{"href":"https:\/\/aulacdecomo.it\/fr\/wp-json\/wp\/v2\/pages"}],"about":[{"href":"https:\/\/aulacdecomo.it\/fr\/wp-json\/wp\/v2\/types\/page"}],"author":[{"embeddable":true,"href":"https:\/\/aulacdecomo.it\/fr\/wp-json\/wp\/v2\/users\/2"}],"replies":[{"embeddable":true,"href":"https:\/\/aulacdecomo.it\/fr\/wp-json\/wp\/v2\/comments?post=272"}],"version-history":[{"count":11,"href":"https:\/\/aulacdecomo.it\/fr\/wp-json\/wp\/v2\/pages\/272\/revisions"}],"predecessor-version":[{"id":724,"href":"https:\/\/aulacdecomo.it\/fr\/wp-json\/wp\/v2\/pages\/272\/revisions\/724"}],"up":[{"embeddable":true,"href":"https:\/\/aulacdecomo.it\/fr\/wp-json\/wp\/v2\/pages\/41"}],"wp:attachment":[{"href":"https:\/\/aulacdecomo.it\/fr\/wp-json\/wp\/v2\/media?parent=272"}],"curies":[{"name":"wp","href":"https:\/\/api.w.org\/{rel}","templated":true}]}}