{"id":7,"date":"2016-01-27T23:31:43","date_gmt":"2016-01-27T22:31:43","guid":{"rendered":"https:\/\/aulacdecomo.it\/?page_id=7"},"modified":"2022-02-12T16:09:26","modified_gmt":"2022-02-12T15:09:26","slug":"au-lac-de-como","status":"publish","type":"page","link":"https:\/\/aulacdecomo.it\/fr\/","title":{"rendered":"Au Lac de Como"},"content":{"rendered":"<p><\/p>\n<h3>Le Camping<\/h3>\n<p><img loading=\"lazy\" decoding=\"async\" class=\"wp-image-264 alignright\" src=\"https:\/\/aulacdecomo.it\/wp-content\/uploads\/origine_746560635299274cb4672709343901796316dc067bd69-e1477682251829.jpg\" alt=\"camping view from san siro\" width=\"300\" height=\"360\" \/><span id=\"result_box\" class=\"\" lang=\"it\" tabindex=\"-1\"><span class=\"\"><span id=\"result_box\" class=\"\" lang=\"fr\" tabindex=\"-1\"><span class=\"\">Depuis plus de 60 ans, le paisible camping familial Au Lac de C\u00f4me est situ\u00e9 dans la partie nord du lac de C\u00f4me.<\/span> <span class=\"\">C&rsquo;est juste sur le lac et offre de l&rsquo;air pur et une bonne qualit\u00e9 de l&rsquo;eau.<\/span><\/span><\/span><\/span><\/p>\n<p>Il y a des <a href=\"https:\/\/aulacdecomo.it\/rooms\/\">chambres<\/a> et des <a href=\"https:\/\/aulacdecomo.it\/apartments\/\">appartements<\/a> dans l&rsquo;h\u00f4tel, ainsi que des <a href=\"https:\/\/aulacdecomo.it\/mobilhomes\/\">mobil-homes<\/a>, des <a href=\"https:\/\/aulacdecomo.it\/bungalows\/\">bungalows<\/a>, des <a href=\"https:\/\/aulacdecomo.it\/huts\/\">chalets<\/a> et enfin le <a href=\"https:\/\/aulacdecomo.it\/camping\/\">camping<\/a>. Cela a sur le lac soit des endroits ensoleill\u00e9s ou ombrag\u00e9s avec \u00e9lectricit\u00e9. En outre, il est sans danger pour les enfants, \u00e0 savoir sans route et avec seulement de l&rsquo;eau qui s&rsquo;approfondit lentement.<\/p>\n<p>Il y a aussi des offres g\u00e9n\u00e9rales comme un restaurant public avec des menus pas chers, une piscine et bien plus encore. Le cours est ouvert toute l&rsquo;ann\u00e9e et il y a des r\u00e9ductions importantes en dehors de la saison.<\/p>\n<h3><a href=\"https:\/\/aulacdecomo.it\/location\/\">Alentours<\/a><\/h3>\n<p><span id=\"result_box\" class=\"\" lang=\"fr\" tabindex=\"-1\"><span class=\"\">D\u00e9couvrez les <a href=\"https:\/\/aulacdecomo.it\/location\/activities\/\">activit\u00e9s<\/a> que vous pouvez faire, d\u00e9couvrez comment <a href=\"https:\/\/aulacdecomo.it\/location\/infrastructure\/\">prendre soin<\/a> de la r\u00e9gion ou jetez un oeil \u00e0 la <a href=\"https:\/\/aulacdecomo.it\/location\/gallery\/\">galerie de photos<\/a>.<\/span><\/span><\/p>\n<h3>Heures d&rsquo;ouverture<\/h3>\n<p>La r\u00e9ception est ouverte de 8h30 \u00e0 24 heures, le d\u00e9part se fait entre 8h30 et 11 heures et l&rsquo;arriv\u00e9e entre 13 et 22 heures. Le camping est ouvert toute l&rsquo;ann\u00e9e, mais le restaurant et la piscine sont partiellement ferm\u00e9s en dehors de la saison.<\/p>","protected":false},"excerpt":{"rendered":"<p>Le Camping Depuis plus de 60 ans, le paisible camping familial Au Lac de C\u00f4me est situ\u00e9 dans la partie nord du lac de C\u00f4me. C&rsquo;est juste sur le lac et offre de l&rsquo;air pur et une bonne qualit\u00e9 de l&rsquo;eau. Il y a des chambres et des appartements dans l&rsquo;h\u00f4tel, ainsi que des mobil-homes, &hellip; <a href=\"https:\/\/aulacdecomo.it\/fr\/\" class=\"more-link\">Continuer la lecture<span class=\"screen-reader-text\"> de &laquo;&nbsp;Au Lac de Como&nbsp;&raquo;<\/span><\/a><\/p>\n","protected":false},"author":2,"featured_media":0,"parent":0,"menu_order":0,"comment_status":"closed","ping_status":"closed","template":"","meta":{"footnotes":""},"class_list":["post-7","page","type-page","status-publish","hentry"],"_links":{"self":[{"href":"https:\/\/aulacdecomo.it\/fr\/wp-json\/wp\/v2\/pages\/7","targetHints":{"allow":["GET"]}}],"collection":[{"href":"https:\/\/aulacdecomo.it\/fr\/wp-json\/wp\/v2\/pages"}],"about":[{"href":"https:\/\/aulacdecomo.it\/fr\/wp-json\/wp\/v2\/types\/page"}],"author":[{"embeddable":true,"href":"https:\/\/aulacdecomo.it\/fr\/wp-json\/wp\/v2\/users\/2"}],"replies":[{"embeddable":true,"href":"https:\/\/aulacdecomo.it\/fr\/wp-json\/wp\/v2\/comments?post=7"}],"version-history":[{"count":44,"href":"https:\/\/aulacdecomo.it\/fr\/wp-json\/wp\/v2\/pages\/7\/revisions"}],"predecessor-version":[{"id":721,"href":"https:\/\/aulacdecomo.it\/fr\/wp-json\/wp\/v2\/pages\/7\/revisions\/721"}],"wp:attachment":[{"href":"https:\/\/aulacdecomo.it\/fr\/wp-json\/wp\/v2\/media?parent=7"}],"curies":[{"name":"wp","href":"https:\/\/api.w.org\/{rel}","templated":true}]}}