{"id":70,"date":"2016-01-28T12:56:02","date_gmt":"2016-01-28T11:56:02","guid":{"rendered":"https:\/\/aulacdecomo.it\/?page_id=70"},"modified":"2021-08-21T00:17:02","modified_gmt":"2021-08-20T22:17:02","slug":"apartments","status":"publish","type":"page","link":"https:\/\/aulacdecomo.it\/fr\/apartments\/","title":{"rendered":"Appartements avec salle de bain et cuisine"},"content":{"rendered":"<p><\/p>\n<h3>Petits appartements<\/h3>\n<div id='gallery-10' class='gallery galleryid-70 gallery-columns-4 gallery-size-thumbnail'><figure class='gallery-item'>\n\t\t\t<div class='gallery-icon landscape'>\n\t\t\t\t<a href='https:\/\/aulacdecomo.it\/fr\/app5-salone\/'><img loading=\"lazy\" decoding=\"async\" width=\"150\" height=\"100\" src=\"https:\/\/aulacdecomo.it\/wp-content\/uploads\/App5-salone.jpg\" class=\"attachment-thumbnail size-thumbnail\" alt=\"Apartment 5 salle de s\u00e9jour\" \/><\/a>\n\t\t\t<\/div><\/figure><figure class='gallery-item'>\n\t\t\t<div class='gallery-icon landscape'>\n\t\t\t\t<a href='https:\/\/aulacdecomo.it\/fr\/app-5-cam\/'><img loading=\"lazy\" decoding=\"async\" width=\"150\" height=\"100\" src=\"https:\/\/aulacdecomo.it\/wp-content\/uploads\/app-5-cam.jpg\" class=\"attachment-thumbnail size-thumbnail\" alt=\"Apartment 5 chambre principale\" \/><\/a>\n\t\t\t<\/div><\/figure><figure class='gallery-item'>\n\t\t\t<div class='gallery-icon landscape'>\n\t\t\t\t<a href='https:\/\/aulacdecomo.it\/fr\/app7-cuc\/'><img loading=\"lazy\" decoding=\"async\" width=\"150\" height=\"100\" src=\"https:\/\/aulacdecomo.it\/wp-content\/uploads\/app7-cuc.jpg\" class=\"attachment-thumbnail size-thumbnail\" alt=\"Apartment 7 salle de s\u00e9jour\" \/><\/a>\n\t\t\t<\/div><\/figure><figure class='gallery-item'>\n\t\t\t<div class='gallery-icon landscape'>\n\t\t\t\t<a href='https:\/\/aulacdecomo.it\/fr\/casa1-m\/'><img loading=\"lazy\" decoding=\"async\" width=\"150\" height=\"100\" src=\"https:\/\/aulacdecomo.it\/wp-content\/uploads\/casa1-m.jpg\" class=\"attachment-thumbnail size-thumbnail\" alt=\"Apartment 7 chambre principale\" \/><\/a>\n\t\t\t<\/div><\/figure><figure class='gallery-item'>\n\t\t\t<div class='gallery-icon landscape'>\n\t\t\t\t<a href='https:\/\/aulacdecomo.it\/fr\/casa1-l\/'><img loading=\"lazy\" decoding=\"async\" width=\"150\" height=\"100\" src=\"https:\/\/aulacdecomo.it\/wp-content\/uploads\/casa1-l.jpg\" class=\"attachment-thumbnail size-thumbnail\" alt=\"Apartment 7 chambrette\" \/><\/a>\n\t\t\t<\/div><\/figure>\n\t\t<\/div>\n\n<p>2 personnes + 2 personnes suppl\u00e9mentaires possibles contre suppl\u00e9ment<\/p>\n<h3>Grands appartements<\/h3>\n<div id='gallery-11' class='gallery galleryid-70 gallery-columns-4 gallery-size-thumbnail'><figure class='gallery-item'>\n\t\t\t<div class='gallery-icon landscape'>\n\t\t\t\t<a href='https:\/\/aulacdecomo.it\/fr\/casa1-c\/'><img loading=\"lazy\" decoding=\"async\" width=\"150\" height=\"100\" src=\"https:\/\/aulacdecomo.it\/wp-content\/uploads\/casa1-c.jpg\" class=\"attachment-thumbnail size-thumbnail\" alt=\"Apartment 6 salle de s\u00e9jour\" \/><\/a>\n\t\t\t<\/div><\/figure><figure class='gallery-item'>\n\t\t\t<div class='gallery-icon landscape'>\n\t\t\t\t<a href='https:\/\/aulacdecomo.it\/fr\/casa1-d\/'><img loading=\"lazy\" decoding=\"async\" width=\"150\" height=\"100\" src=\"https:\/\/aulacdecomo.it\/wp-content\/uploads\/casa1-d.jpg\" class=\"attachment-thumbnail size-thumbnail\" alt=\"Apartment 6 chambre principale\" \/><\/a>\n\t\t\t<\/div><\/figure><figure class='gallery-item'>\n\t\t\t<div class='gallery-icon landscape'>\n\t\t\t\t<a href='https:\/\/aulacdecomo.it\/fr\/casa1-e\/'><img loading=\"lazy\" decoding=\"async\" width=\"150\" height=\"100\" src=\"https:\/\/aulacdecomo.it\/wp-content\/uploads\/casa1-e.jpg\" class=\"attachment-thumbnail size-thumbnail\" alt=\"Apartment 6 chambrette\" \/><\/a>\n\t\t\t<\/div><\/figure>\n\t\t<\/div>\n\n<p>4 personnes + 2 personnes suppl\u00e9mentaires possibles contre suppl\u00e9ment<\/p>\n<h3>Tr\u00e8s grands appartements<\/h3>\n<div id='gallery-12' class='gallery galleryid-70 gallery-columns-4 gallery-size-thumbnail'><figure class='gallery-item'>\n\t\t\t<div class='gallery-icon landscape'>\n\t\t\t\t<a href='https:\/\/aulacdecomo.it\/fr\/app13-terr\/'><img loading=\"lazy\" decoding=\"async\" width=\"150\" height=\"100\" src=\"https:\/\/aulacdecomo.it\/wp-content\/uploads\/app13-terr.jpg\" class=\"attachment-thumbnail size-thumbnail\" alt=\"Apartment 13 terrace\" \/><\/a>\n\t\t\t<\/div><\/figure><figure class='gallery-item'>\n\t\t\t<div class='gallery-icon landscape'>\n\t\t\t\t<a href='https:\/\/aulacdecomo.it\/fr\/app2-cucina\/'><img loading=\"lazy\" decoding=\"async\" width=\"150\" height=\"100\" src=\"https:\/\/aulacdecomo.it\/wp-content\/uploads\/app2-cucina.jpg\" class=\"attachment-thumbnail size-thumbnail\" alt=\"Apartment 2 salle de s\u00e9jour\" \/><\/a>\n\t\t\t<\/div><\/figure><figure class='gallery-item'>\n\t\t\t<div class='gallery-icon landscape'>\n\t\t\t\t<a href='https:\/\/aulacdecomo.it\/fr\/app-2-bambini\/'><img loading=\"lazy\" decoding=\"async\" width=\"150\" height=\"100\" src=\"https:\/\/aulacdecomo.it\/wp-content\/uploads\/App-2-bambini.jpg\" class=\"attachment-thumbnail size-thumbnail\" alt=\"Apartment 2 chambre principale\" \/><\/a>\n\t\t\t<\/div><\/figure><figure class='gallery-item'>\n\t\t\t<div class='gallery-icon landscape'>\n\t\t\t\t<a href='https:\/\/aulacdecomo.it\/fr\/casa1-t\/'><img loading=\"lazy\" decoding=\"async\" width=\"150\" height=\"100\" src=\"https:\/\/aulacdecomo.it\/wp-content\/uploads\/casa1-t.jpg\" class=\"attachment-thumbnail size-thumbnail\" alt=\"Apartment 2 chambrette\" \/><\/a>\n\t\t\t<\/div><\/figure><figure class='gallery-item'>\n\t\t\t<div class='gallery-icon landscape'>\n\t\t\t\t<a href='https:\/\/aulacdecomo.it\/fr\/app-terr\/'><img loading=\"lazy\" decoding=\"async\" width=\"150\" height=\"100\" src=\"https:\/\/aulacdecomo.it\/wp-content\/uploads\/app-terr.jpg\" class=\"attachment-thumbnail size-thumbnail\" alt=\"aApartment 2 terrace\" \/><\/a>\n\t\t\t<\/div><\/figure><figure class='gallery-item'>\n\t\t\t<div class='gallery-icon landscape'>\n\t\t\t\t<a href='https:\/\/aulacdecomo.it\/fr\/a013_7\/'><img loading=\"lazy\" decoding=\"async\" width=\"150\" height=\"113\" src=\"https:\/\/aulacdecomo.it\/wp-content\/uploads\/a013_7-scaled.jpg\" class=\"attachment-thumbnail size-thumbnail\" alt=\"Apartment 13\" \/><\/a>\n\t\t\t<\/div><\/figure><figure class='gallery-item'>\n\t\t\t<div class='gallery-icon landscape'>\n\t\t\t\t<a href='https:\/\/aulacdecomo.it\/fr\/a013_6\/'><img loading=\"lazy\" decoding=\"async\" width=\"150\" height=\"113\" src=\"https:\/\/aulacdecomo.it\/wp-content\/uploads\/a013_6-scaled.jpg\" class=\"attachment-thumbnail size-thumbnail\" alt=\"Apartment 13\" \/><\/a>\n\t\t\t<\/div><\/figure><figure class='gallery-item'>\n\t\t\t<div class='gallery-icon landscape'>\n\t\t\t\t<a href='https:\/\/aulacdecomo.it\/fr\/a013_4\/'><img loading=\"lazy\" decoding=\"async\" width=\"150\" height=\"113\" src=\"https:\/\/aulacdecomo.it\/wp-content\/uploads\/a013_4-scaled.jpg\" class=\"attachment-thumbnail size-thumbnail\" alt=\"Apartment 13\" \/><\/a>\n\t\t\t<\/div><\/figure><figure class='gallery-item'>\n\t\t\t<div class='gallery-icon portrait'>\n\t\t\t\t<a href='https:\/\/aulacdecomo.it\/fr\/a013_3\/'><img loading=\"lazy\" decoding=\"async\" width=\"113\" height=\"150\" src=\"https:\/\/aulacdecomo.it\/wp-content\/uploads\/a013_3-scaled.jpg\" class=\"attachment-thumbnail size-thumbnail\" alt=\"Apartment 13\" \/><\/a>\n\t\t\t<\/div><\/figure><figure class='gallery-item'>\n\t\t\t<div class='gallery-icon landscape'>\n\t\t\t\t<a href='https:\/\/aulacdecomo.it\/fr\/a013_2\/'><img loading=\"lazy\" decoding=\"async\" width=\"150\" height=\"113\" src=\"https:\/\/aulacdecomo.it\/wp-content\/uploads\/a013_2-scaled.jpg\" class=\"attachment-thumbnail size-thumbnail\" alt=\"Apartment 13\" \/><\/a>\n\t\t\t<\/div><\/figure><figure class='gallery-item'>\n\t\t\t<div class='gallery-icon landscape'>\n\t\t\t\t<a href='https:\/\/aulacdecomo.it\/fr\/a013_1\/'><img loading=\"lazy\" decoding=\"async\" width=\"150\" height=\"113\" src=\"https:\/\/aulacdecomo.it\/wp-content\/uploads\/a013_1-scaled.jpg\" class=\"attachment-thumbnail size-thumbnail\" alt=\"Apartment 13\" \/><\/a>\n\t\t\t<\/div><\/figure>\n\t\t<\/div>\n\n<p>4 personnes + 4 personnes suppl\u00e9mentaires possibles contre suppl\u00e9ment<\/p>\n<p>Selon l&rsquo;appartement, l&rsquo;\u00e9quipement et la coupe peuvent varier.<\/p>","protected":false},"excerpt":{"rendered":"<p>Petits appartements 2 personnes + 2 personnes suppl\u00e9mentaires possibles contre suppl\u00e9ment Grands appartements 4 personnes + 2 personnes suppl\u00e9mentaires possibles contre suppl\u00e9ment Tr\u00e8s grands appartements 4 personnes + 4 personnes suppl\u00e9mentaires possibles contre suppl\u00e9ment Selon l&rsquo;appartement, l&rsquo;\u00e9quipement et la coupe peuvent varier.<\/p>\n","protected":false},"author":2,"featured_media":0,"parent":0,"menu_order":0,"comment_status":"closed","ping_status":"closed","template":"","meta":{"footnotes":""},"class_list":["post-70","page","type-page","status-publish","hentry"],"_links":{"self":[{"href":"https:\/\/aulacdecomo.it\/fr\/wp-json\/wp\/v2\/pages\/70","targetHints":{"allow":["GET"]}}],"collection":[{"href":"https:\/\/aulacdecomo.it\/fr\/wp-json\/wp\/v2\/pages"}],"about":[{"href":"https:\/\/aulacdecomo.it\/fr\/wp-json\/wp\/v2\/types\/page"}],"author":[{"embeddable":true,"href":"https:\/\/aulacdecomo.it\/fr\/wp-json\/wp\/v2\/users\/2"}],"replies":[{"embeddable":true,"href":"https:\/\/aulacdecomo.it\/fr\/wp-json\/wp\/v2\/comments?post=70"}],"version-history":[{"count":23,"href":"https:\/\/aulacdecomo.it\/fr\/wp-json\/wp\/v2\/pages\/70\/revisions"}],"predecessor-version":[{"id":712,"href":"https:\/\/aulacdecomo.it\/fr\/wp-json\/wp\/v2\/pages\/70\/revisions\/712"}],"wp:attachment":[{"href":"https:\/\/aulacdecomo.it\/fr\/wp-json\/wp\/v2\/media?parent=70"}],"curies":[{"name":"wp","href":"https:\/\/api.w.org\/{rel}","templated":true}]}}