{"id":75,"date":"2016-01-28T12:57:03","date_gmt":"2016-01-28T11:57:03","guid":{"rendered":"https:\/\/aulacdecomo.it\/?page_id=75"},"modified":"2020-08-21T14:07:03","modified_gmt":"2020-08-21T12:07:03","slug":"rooms","status":"publish","type":"page","link":"https:\/\/aulacdecomo.it\/fr\/rooms\/","title":{"rendered":"Chambres avec salle de bains"},"content":{"rendered":"<p><div id='gallery-4' class='gallery galleryid-75 gallery-columns-3 gallery-size-thumbnail'><figure class='gallery-item'>\n\t\t\t<div class='gallery-icon landscape'>\n\t\t\t\t<a href='https:\/\/aulacdecomo.it\/fr\/c3\/'><img loading=\"lazy\" decoding=\"async\" width=\"150\" height=\"100\" src=\"https:\/\/aulacdecomo.it\/wp-content\/uploads\/c3.jpg\" class=\"attachment-thumbnail size-thumbnail\" alt=\"Chambre 3\" \/><\/a>\n\t\t\t<\/div><\/figure><figure class='gallery-item'>\n\t\t\t<div class='gallery-icon landscape'>\n\t\t\t\t<a href='https:\/\/aulacdecomo.it\/fr\/c2\/'><img loading=\"lazy\" decoding=\"async\" width=\"150\" height=\"100\" src=\"https:\/\/aulacdecomo.it\/wp-content\/uploads\/c2.jpg\" class=\"attachment-thumbnail size-thumbnail\" alt=\"Chambre 2\" \/><\/a>\n\t\t\t<\/div><\/figure><figure class='gallery-item'>\n\t\t\t<div class='gallery-icon landscape'>\n\t\t\t\t<a href='https:\/\/aulacdecomo.it\/fr\/c1\/'><img loading=\"lazy\" decoding=\"async\" width=\"150\" height=\"100\" src=\"https:\/\/aulacdecomo.it\/wp-content\/uploads\/c1-.jpg\" class=\"attachment-thumbnail size-thumbnail\" alt=\"Chambre 1\" \/><\/a>\n\t\t\t<\/div><\/figure>\n\t\t<\/div>\n<\/p>\n<p>2 personnes + 1 personne suppl\u00e9mentaire possible moyennant un suppl\u00e9ment.<\/p>\n<p>Selon la chambre, l&rsquo;\u00e9quipement et la coupe peuvent varier.<\/p>","protected":false},"excerpt":{"rendered":"<p>2 personnes + 1 personne suppl\u00e9mentaire possible moyennant un suppl\u00e9ment. Selon la chambre, l&rsquo;\u00e9quipement et la coupe peuvent varier.<\/p>\n","protected":false},"author":2,"featured_media":0,"parent":0,"menu_order":0,"comment_status":"closed","ping_status":"closed","template":"","meta":{"footnotes":""},"class_list":["post-75","page","type-page","status-publish","hentry"],"_links":{"self":[{"href":"https:\/\/aulacdecomo.it\/fr\/wp-json\/wp\/v2\/pages\/75","targetHints":{"allow":["GET"]}}],"collection":[{"href":"https:\/\/aulacdecomo.it\/fr\/wp-json\/wp\/v2\/pages"}],"about":[{"href":"https:\/\/aulacdecomo.it\/fr\/wp-json\/wp\/v2\/types\/page"}],"author":[{"embeddable":true,"href":"https:\/\/aulacdecomo.it\/fr\/wp-json\/wp\/v2\/users\/2"}],"replies":[{"embeddable":true,"href":"https:\/\/aulacdecomo.it\/fr\/wp-json\/wp\/v2\/comments?post=75"}],"version-history":[{"count":11,"href":"https:\/\/aulacdecomo.it\/fr\/wp-json\/wp\/v2\/pages\/75\/revisions"}],"predecessor-version":[{"id":558,"href":"https:\/\/aulacdecomo.it\/fr\/wp-json\/wp\/v2\/pages\/75\/revisions\/558"}],"wp:attachment":[{"href":"https:\/\/aulacdecomo.it\/fr\/wp-json\/wp\/v2\/media?parent=75"}],"curies":[{"name":"wp","href":"https:\/\/api.w.org\/{rel}","templated":true}]}}