{"id":84,"date":"2016-01-28T13:05:19","date_gmt":"2016-01-28T12:05:19","guid":{"rendered":"https:\/\/aulacdecomo.it\/?page_id=84"},"modified":"2021-08-21T00:18:06","modified_gmt":"2021-08-20T22:18:06","slug":"bungalows","status":"publish","type":"page","link":"https:\/\/aulacdecomo.it\/fr\/bungalows\/","title":{"rendered":"Bungalows avec salle de bain et cuisine"},"content":{"rendered":"<p><\/p>\n<h3>Petits bungalows<\/h3>\n<div id='gallery-7' class='gallery galleryid-84 gallery-columns-4 gallery-size-thumbnail'><figure class='gallery-item'>\n\t\t\t<div class='gallery-icon landscape'>\n\t\t\t\t<a href='https:\/\/aulacdecomo.it\/fr\/b-32\/'><img loading=\"lazy\" decoding=\"async\" width=\"150\" height=\"100\" src=\"https:\/\/aulacdecomo.it\/wp-content\/uploads\/b-32.jpg\" class=\"attachment-thumbnail size-thumbnail\" alt=\"Bungalow 32 ext\u00e9rieur\" \/><\/a>\n\t\t\t<\/div><\/figure><figure class='gallery-item'>\n\t\t\t<div class='gallery-icon landscape'>\n\t\t\t\t<a href='https:\/\/aulacdecomo.it\/fr\/casa4-c\/'><img loading=\"lazy\" decoding=\"async\" width=\"150\" height=\"100\" src=\"https:\/\/aulacdecomo.it\/wp-content\/uploads\/casa4-c.jpg\" class=\"attachment-thumbnail size-thumbnail\" alt=\"Bungalow 32 terrace\" \/><\/a>\n\t\t\t<\/div><\/figure><figure class='gallery-item'>\n\t\t\t<div class='gallery-icon landscape'>\n\t\t\t\t<a href='https:\/\/aulacdecomo.it\/fr\/b32-camletto\/'><img loading=\"lazy\" decoding=\"async\" width=\"150\" height=\"100\" src=\"https:\/\/aulacdecomo.it\/wp-content\/uploads\/b32-camletto.jpg\" class=\"attachment-thumbnail size-thumbnail\" alt=\"Bungalow 32 chambre principale\" \/><\/a>\n\t\t\t<\/div><\/figure><figure class='gallery-item'>\n\t\t\t<div class='gallery-icon landscape'>\n\t\t\t\t<a href='https:\/\/aulacdecomo.it\/fr\/b32-cuc\/'><img loading=\"lazy\" decoding=\"async\" width=\"150\" height=\"100\" src=\"https:\/\/aulacdecomo.it\/wp-content\/uploads\/b32-cuc.jpg\" class=\"attachment-thumbnail size-thumbnail\" alt=\"Bungalow 32 salle de s\u00e9jour\" \/><\/a>\n\t\t\t<\/div><\/figure><figure class='gallery-item'>\n\t\t\t<div class='gallery-icon landscape'>\n\t\t\t\t<a href='https:\/\/aulacdecomo.it\/fr\/b-32ba\/'><img loading=\"lazy\" decoding=\"async\" width=\"150\" height=\"100\" src=\"https:\/\/aulacdecomo.it\/wp-content\/uploads\/b-32ba.jpg\" class=\"attachment-thumbnail size-thumbnail\" alt=\"Bungalow 32 chambrette\" \/><\/a>\n\t\t\t<\/div><\/figure><figure class='gallery-item'>\n\t\t\t<div class='gallery-icon landscape'>\n\t\t\t\t<a href='https:\/\/aulacdecomo.it\/fr\/b136\/'><img loading=\"lazy\" decoding=\"async\" width=\"150\" height=\"100\" src=\"https:\/\/aulacdecomo.it\/wp-content\/uploads\/b136.jpg\" class=\"attachment-thumbnail size-thumbnail\" alt=\"Bungalow 136 ext\u00e9rieur 2\" \/><\/a>\n\t\t\t<\/div><\/figure><figure class='gallery-item'>\n\t\t\t<div class='gallery-icon landscape'>\n\t\t\t\t<a href='https:\/\/aulacdecomo.it\/fr\/136-fuori\/'><img loading=\"lazy\" decoding=\"async\" width=\"150\" height=\"100\" src=\"https:\/\/aulacdecomo.it\/wp-content\/uploads\/136-fuori.jpg\" class=\"attachment-thumbnail size-thumbnail\" alt=\"Bungalow 136 ext\u00e9rieur 1\" \/><\/a>\n\t\t\t<\/div><\/figure><figure class='gallery-item'>\n\t\t\t<div class='gallery-icon landscape'>\n\t\t\t\t<a href='https:\/\/aulacdecomo.it\/fr\/b136cuc\/'><img loading=\"lazy\" decoding=\"async\" width=\"150\" height=\"100\" src=\"https:\/\/aulacdecomo.it\/wp-content\/uploads\/b136cuc.jpg\" class=\"attachment-thumbnail size-thumbnail\" alt=\"Bungalow 136 salle de s\u00e9jour\" \/><\/a>\n\t\t\t<\/div><\/figure><figure class='gallery-item'>\n\t\t\t<div class='gallery-icon landscape'>\n\t\t\t\t<a href='https:\/\/aulacdecomo.it\/fr\/b136letto-c\/'><img loading=\"lazy\" decoding=\"async\" width=\"150\" height=\"100\" src=\"https:\/\/aulacdecomo.it\/wp-content\/uploads\/b136letto-c.jpg\" class=\"attachment-thumbnail size-thumbnail\" alt=\"Bungalow 136 chambre principale\" \/><\/a>\n\t\t\t<\/div><\/figure><figure class='gallery-item'>\n\t\t\t<div class='gallery-icon landscape'>\n\t\t\t\t<a href='https:\/\/aulacdecomo.it\/fr\/b62-e-52\/'><img loading=\"lazy\" decoding=\"async\" width=\"150\" height=\"113\" src=\"https:\/\/aulacdecomo.it\/wp-content\/uploads\/B62-e-52.jpg\" class=\"attachment-thumbnail size-thumbnail\" alt=\"Bungalow 62 ext\u00e9rieur\" \/><\/a>\n\t\t\t<\/div><\/figure><figure class='gallery-item'>\n\t\t\t<div class='gallery-icon landscape'>\n\t\t\t\t<a href='https:\/\/aulacdecomo.it\/fr\/b062_6\/'><img loading=\"lazy\" decoding=\"async\" width=\"150\" height=\"113\" src=\"https:\/\/aulacdecomo.it\/wp-content\/uploads\/b062_6-scaled.jpg\" class=\"attachment-thumbnail size-thumbnail\" alt=\"Bungalow 62\" \/><\/a>\n\t\t\t<\/div><\/figure><figure class='gallery-item'>\n\t\t\t<div class='gallery-icon landscape'>\n\t\t\t\t<a href='https:\/\/aulacdecomo.it\/fr\/b062_5\/'><img loading=\"lazy\" decoding=\"async\" width=\"150\" height=\"113\" src=\"https:\/\/aulacdecomo.it\/wp-content\/uploads\/b062_5-scaled.jpg\" class=\"attachment-thumbnail size-thumbnail\" alt=\"Bungalow 62\" \/><\/a>\n\t\t\t<\/div><\/figure><figure class='gallery-item'>\n\t\t\t<div class='gallery-icon portrait'>\n\t\t\t\t<a href='https:\/\/aulacdecomo.it\/fr\/b062_4\/'><img loading=\"lazy\" decoding=\"async\" width=\"113\" height=\"150\" src=\"https:\/\/aulacdecomo.it\/wp-content\/uploads\/b062_4-scaled.jpg\" class=\"attachment-thumbnail size-thumbnail\" alt=\"Bungalow 62\" \/><\/a>\n\t\t\t<\/div><\/figure><figure class='gallery-item'>\n\t\t\t<div class='gallery-icon portrait'>\n\t\t\t\t<a href='https:\/\/aulacdecomo.it\/fr\/b062_3\/'><img loading=\"lazy\" decoding=\"async\" width=\"113\" height=\"150\" src=\"https:\/\/aulacdecomo.it\/wp-content\/uploads\/b062_3-scaled.jpg\" class=\"attachment-thumbnail size-thumbnail\" alt=\"Bungalow 62\" \/><\/a>\n\t\t\t<\/div><\/figure><figure class='gallery-item'>\n\t\t\t<div class='gallery-icon portrait'>\n\t\t\t\t<a href='https:\/\/aulacdecomo.it\/fr\/b062_2\/'><img loading=\"lazy\" decoding=\"async\" width=\"113\" height=\"150\" src=\"https:\/\/aulacdecomo.it\/wp-content\/uploads\/b062_2-scaled.jpg\" class=\"attachment-thumbnail size-thumbnail\" alt=\"Bungalow 62\" \/><\/a>\n\t\t\t<\/div><\/figure><figure class='gallery-item'>\n\t\t\t<div class='gallery-icon portrait'>\n\t\t\t\t<a href='https:\/\/aulacdecomo.it\/fr\/b062_7\/'><img loading=\"lazy\" decoding=\"async\" width=\"113\" height=\"150\" src=\"https:\/\/aulacdecomo.it\/wp-content\/uploads\/b062_7-scaled.jpg\" class=\"attachment-thumbnail size-thumbnail\" alt=\"Bungalow 62\" \/><\/a>\n\t\t\t<\/div><\/figure><figure class='gallery-item'>\n\t\t\t<div class='gallery-icon landscape'>\n\t\t\t\t<a href='https:\/\/aulacdecomo.it\/fr\/b062_1\/'><img loading=\"lazy\" decoding=\"async\" width=\"150\" height=\"113\" src=\"https:\/\/aulacdecomo.it\/wp-content\/uploads\/b062_1-scaled.jpg\" class=\"attachment-thumbnail size-thumbnail\" alt=\"Bungalow 62\" \/><\/a>\n\t\t\t<\/div><\/figure>\n\t\t<\/div>\n\n<p>2 personnes + 2 personnes suppl\u00e9mentaires possibles contre suppl\u00e9ment<\/p>\n<h3>Grands bungalows<\/h3>\n<div id='gallery-8' class='gallery galleryid-84 gallery-columns-4 gallery-size-thumbnail'><figure class='gallery-item'>\n\t\t\t<div class='gallery-icon landscape'>\n\t\t\t\t<a href='https:\/\/aulacdecomo.it\/fr\/b-29\/'><img loading=\"lazy\" decoding=\"async\" width=\"150\" height=\"113\" src=\"https:\/\/aulacdecomo.it\/wp-content\/uploads\/b-29.jpg\" class=\"attachment-thumbnail size-thumbnail\" alt=\"Bungalow 29 ext\u00e9rieur\" \/><\/a>\n\t\t\t<\/div><\/figure><figure class='gallery-item'>\n\t\t\t<div class='gallery-icon landscape'>\n\t\t\t\t<a href='https:\/\/aulacdecomo.it\/fr\/b29-gen\/'><img loading=\"lazy\" decoding=\"async\" width=\"150\" height=\"100\" src=\"https:\/\/aulacdecomo.it\/wp-content\/uploads\/B29-gen.jpg\" class=\"attachment-thumbnail size-thumbnail\" alt=\"Bungalow 29 chambre principale\" \/><\/a>\n\t\t\t<\/div><\/figure><figure class='gallery-item'>\n\t\t\t<div class='gallery-icon landscape'>\n\t\t\t\t<a href='https:\/\/aulacdecomo.it\/fr\/b-29-bamb\/'><img loading=\"lazy\" decoding=\"async\" width=\"150\" height=\"100\" src=\"https:\/\/aulacdecomo.it\/wp-content\/uploads\/b-29-bamb.jpg\" class=\"attachment-thumbnail size-thumbnail\" alt=\"Bungalow 29 chambrette\" \/><\/a>\n\t\t\t<\/div><\/figure><figure class='gallery-item'>\n\t\t\t<div class='gallery-icon landscape'>\n\t\t\t\t<a href='https:\/\/aulacdecomo.it\/fr\/b29sall\/'><img loading=\"lazy\" decoding=\"async\" width=\"150\" height=\"100\" src=\"https:\/\/aulacdecomo.it\/wp-content\/uploads\/B29sall.jpg\" class=\"attachment-thumbnail size-thumbnail\" alt=\"Bungalow 29 salle de s\u00e9jour\" \/><\/a>\n\t\t\t<\/div><\/figure><figure class='gallery-item'>\n\t\t\t<div class='gallery-icon landscape'>\n\t\t\t\t<a href='https:\/\/aulacdecomo.it\/fr\/b-51-52\/'><img loading=\"lazy\" decoding=\"async\" width=\"150\" height=\"100\" src=\"https:\/\/aulacdecomo.it\/wp-content\/uploads\/b-51-52.jpg\" class=\"attachment-thumbnail size-thumbnail\" alt=\"Bungalows 51 et 52\" \/><\/a>\n\t\t\t<\/div><\/figure><figure class='gallery-item'>\n\t\t\t<div class='gallery-icon landscape'>\n\t\t\t\t<a href='https:\/\/aulacdecomo.it\/fr\/51-sal-cuc-a\/'><img loading=\"lazy\" decoding=\"async\" width=\"150\" height=\"100\" src=\"https:\/\/aulacdecomo.it\/wp-content\/uploads\/51-sal-cuc-a.jpg\" class=\"attachment-thumbnail size-thumbnail\" alt=\"Bungalow 51 salle de s\u00e9jour\" \/><\/a>\n\t\t\t<\/div><\/figure><figure class='gallery-item'>\n\t\t\t<div class='gallery-icon landscape'>\n\t\t\t\t<a href='https:\/\/aulacdecomo.it\/fr\/b-51-b\/'><img loading=\"lazy\" decoding=\"async\" width=\"150\" height=\"100\" src=\"https:\/\/aulacdecomo.it\/wp-content\/uploads\/b-51-b.jpg\" class=\"attachment-thumbnail size-thumbnail\" alt=\"Bungalow 51 chambrette\" \/><\/a>\n\t\t\t<\/div><\/figure><figure class='gallery-item'>\n\t\t\t<div class='gallery-icon landscape'>\n\t\t\t\t<a href='https:\/\/aulacdecomo.it\/fr\/b-51-g-c\/'><img loading=\"lazy\" decoding=\"async\" width=\"150\" height=\"100\" src=\"https:\/\/aulacdecomo.it\/wp-content\/uploads\/b-51-g-c.jpg\" class=\"attachment-thumbnail size-thumbnail\" alt=\"Bungalow 51 chambre principale\" \/><\/a>\n\t\t\t<\/div><\/figure><figure class='gallery-item'>\n\t\t\t<div class='gallery-icon landscape'>\n\t\t\t\t<a href='https:\/\/aulacdecomo.it\/fr\/b051_1\/'><img loading=\"lazy\" decoding=\"async\" width=\"150\" height=\"113\" src=\"https:\/\/aulacdecomo.it\/wp-content\/uploads\/b051_1-scaled.jpg\" class=\"attachment-thumbnail size-thumbnail\" alt=\"Bungalow 52 balcon\" \/><\/a>\n\t\t\t<\/div><\/figure><figure class='gallery-item'>\n\t\t\t<div class='gallery-icon landscape'>\n\t\t\t\t<a href='https:\/\/aulacdecomo.it\/fr\/b052_3\/'><img loading=\"lazy\" decoding=\"async\" width=\"150\" height=\"113\" src=\"https:\/\/aulacdecomo.it\/wp-content\/uploads\/b052_3-scaled.jpg\" class=\"attachment-thumbnail size-thumbnail\" alt=\"Bungalow 52 salle de s\u00e9jour\" \/><\/a>\n\t\t\t<\/div><\/figure><figure class='gallery-item'>\n\t\t\t<div class='gallery-icon landscape'>\n\t\t\t\t<a href='https:\/\/aulacdecomo.it\/fr\/b052_4\/'><img loading=\"lazy\" decoding=\"async\" width=\"150\" height=\"113\" src=\"https:\/\/aulacdecomo.it\/wp-content\/uploads\/b052_4-scaled.jpg\" class=\"attachment-thumbnail size-thumbnail\" alt=\"Bungalow 52 salle de s\u00e9jour\" \/><\/a>\n\t\t\t<\/div><\/figure><figure class='gallery-item'>\n\t\t\t<div class='gallery-icon portrait'>\n\t\t\t\t<a href='https:\/\/aulacdecomo.it\/fr\/b052_5\/'><img loading=\"lazy\" decoding=\"async\" width=\"113\" height=\"150\" src=\"https:\/\/aulacdecomo.it\/wp-content\/uploads\/b052_5-scaled.jpg\" class=\"attachment-thumbnail size-thumbnail\" alt=\"Bungalow 52 vue\" \/><\/a>\n\t\t\t<\/div><\/figure>\n\t\t<\/div>\n\n<p>4 personnes + 2 personnes suppl\u00e9mentaires possibles contre suppl\u00e9ment<\/p>\n<p>Selon le bungalow, l&rsquo;\u00e9quipement et la coupe peuvent varier.<\/p>","protected":false},"excerpt":{"rendered":"<p>Petits bungalows 2 personnes + 2 personnes suppl\u00e9mentaires possibles contre suppl\u00e9ment Grands bungalows 4 personnes + 2 personnes suppl\u00e9mentaires possibles contre suppl\u00e9ment Selon le bungalow, l&rsquo;\u00e9quipement et la coupe peuvent varier.<\/p>\n","protected":false},"author":2,"featured_media":0,"parent":0,"menu_order":0,"comment_status":"closed","ping_status":"closed","template":"","meta":{"footnotes":""},"class_list":["post-84","page","type-page","status-publish","hentry"],"_links":{"self":[{"href":"https:\/\/aulacdecomo.it\/fr\/wp-json\/wp\/v2\/pages\/84","targetHints":{"allow":["GET"]}}],"collection":[{"href":"https:\/\/aulacdecomo.it\/fr\/wp-json\/wp\/v2\/pages"}],"about":[{"href":"https:\/\/aulacdecomo.it\/fr\/wp-json\/wp\/v2\/types\/page"}],"author":[{"embeddable":true,"href":"https:\/\/aulacdecomo.it\/fr\/wp-json\/wp\/v2\/users\/2"}],"replies":[{"embeddable":true,"href":"https:\/\/aulacdecomo.it\/fr\/wp-json\/wp\/v2\/comments?post=84"}],"version-history":[{"count":15,"href":"https:\/\/aulacdecomo.it\/fr\/wp-json\/wp\/v2\/pages\/84\/revisions"}],"predecessor-version":[{"id":713,"href":"https:\/\/aulacdecomo.it\/fr\/wp-json\/wp\/v2\/pages\/84\/revisions\/713"}],"wp:attachment":[{"href":"https:\/\/aulacdecomo.it\/fr\/wp-json\/wp\/v2\/media?parent=84"}],"curies":[{"name":"wp","href":"https:\/\/api.w.org\/{rel}","templated":true}]}}