{"id":86,"date":"2016-01-28T13:06:14","date_gmt":"2016-01-28T12:06:14","guid":{"rendered":"https:\/\/aulacdecomo.it\/?page_id=86"},"modified":"2020-08-24T20:23:53","modified_gmt":"2020-08-24T18:23:53","slug":"huts","status":"publish","type":"page","link":"https:\/\/aulacdecomo.it\/fr\/huts\/","title":{"rendered":"Huttes avec salle de bains commune et cuisine ext\u00e9rieure"},"content":{"rendered":"<p>Le lien entre le camping rustique et les bungalows enti\u00e8rement \u00e9quip\u00e9s sont les cabanes. Ils offrent une protection contre les intemp\u00e9ries pour un prix modique et une cuisine ext\u00e9rieure couverte avec un approvisionnement de base en couverts et en vaisselle. Les cabines ne disposent pas de leurs propres installations sanitaires, mais les salles de bain communes du camping sont partag\u00e9es.<\/p>\n<div id='gallery-4' class='gallery galleryid-86 gallery-columns-3 gallery-size-thumbnail'><figure class='gallery-item'>\n\t\t\t<div class='gallery-icon landscape'>\n\t\t\t\t<a href='https:\/\/aulacdecomo.it\/fr\/huette_5\/'><img loading=\"lazy\" decoding=\"async\" width=\"150\" height=\"113\" src=\"https:\/\/aulacdecomo.it\/wp-content\/uploads\/huette_5-scaled.jpg\" class=\"attachment-thumbnail size-thumbnail\" alt=\"Hutte\" \/><\/a>\n\t\t\t<\/div><\/figure><figure class='gallery-item'>\n\t\t\t<div class='gallery-icon landscape'>\n\t\t\t\t<a href='https:\/\/aulacdecomo.it\/fr\/huette_4\/'><img loading=\"lazy\" decoding=\"async\" width=\"150\" height=\"111\" src=\"https:\/\/aulacdecomo.it\/wp-content\/uploads\/huette_4-scaled.jpg\" class=\"attachment-thumbnail size-thumbnail\" alt=\"Hutte\" \/><\/a>\n\t\t\t<\/div><\/figure><figure class='gallery-item'>\n\t\t\t<div class='gallery-icon landscape'>\n\t\t\t\t<a href='https:\/\/aulacdecomo.it\/fr\/huette_3\/'><img loading=\"lazy\" decoding=\"async\" width=\"150\" height=\"108\" src=\"https:\/\/aulacdecomo.it\/wp-content\/uploads\/huette_3-scaled.jpg\" class=\"attachment-thumbnail size-thumbnail\" alt=\"Hutte\" \/><\/a>\n\t\t\t<\/div><\/figure><figure class='gallery-item'>\n\t\t\t<div class='gallery-icon portrait'>\n\t\t\t\t<a href='https:\/\/aulacdecomo.it\/fr\/huts\/huette_1\/'><img loading=\"lazy\" decoding=\"async\" width=\"113\" height=\"150\" src=\"https:\/\/aulacdecomo.it\/wp-content\/uploads\/huette_1-scaled.jpg\" class=\"attachment-thumbnail size-thumbnail\" alt=\"Hutte\" \/><\/a>\n\t\t\t<\/div><\/figure><figure class='gallery-item'>\n\t\t\t<div class='gallery-icon landscape'>\n\t\t\t\t<a href='https:\/\/aulacdecomo.it\/fr\/huts\/bungaletti\/'><img loading=\"lazy\" decoding=\"async\" width=\"150\" height=\"113\" src=\"https:\/\/aulacdecomo.it\/wp-content\/uploads\/bungaletti.jpg\" class=\"attachment-thumbnail size-thumbnail\" alt=\"Hutte\" \/><\/a>\n\t\t\t<\/div><\/figure><figure class='gallery-item'>\n\t\t\t<div class='gallery-icon portrait'>\n\t\t\t\t<a href='https:\/\/aulacdecomo.it\/fr\/huts\/huette_2\/'><img loading=\"lazy\" decoding=\"async\" width=\"113\" height=\"150\" src=\"https:\/\/aulacdecomo.it\/wp-content\/uploads\/huette_2-scaled.jpg\" class=\"attachment-thumbnail size-thumbnail\" alt=\"Hutte\" \/><\/a>\n\t\t\t<\/div><\/figure>\n\t\t<\/div>\n\n<p>2 personnes + 2 personnes suppl\u00e9mentaires possibles contre suppl\u00e9ment<\/p>","protected":false},"excerpt":{"rendered":"<p>Le lien entre le camping rustique et les bungalows enti\u00e8rement \u00e9quip\u00e9s sont les cabanes. Ils offrent une protection contre les intemp\u00e9ries pour un prix modique et une cuisine ext\u00e9rieure couverte avec un approvisionnement de base en couverts et en vaisselle. Les cabines ne disposent pas de leurs propres installations sanitaires, mais les salles de bain &hellip; <a href=\"https:\/\/aulacdecomo.it\/fr\/huts\/\" class=\"more-link\">Continuer la lecture<span class=\"screen-reader-text\"> de &laquo;&nbsp;Huttes avec salle de bains commune et cuisine ext\u00e9rieure&nbsp;&raquo;<\/span><\/a><\/p>\n","protected":false},"author":2,"featured_media":0,"parent":0,"menu_order":0,"comment_status":"closed","ping_status":"closed","template":"","meta":{"footnotes":""},"class_list":["post-86","page","type-page","status-publish","hentry"],"_links":{"self":[{"href":"https:\/\/aulacdecomo.it\/fr\/wp-json\/wp\/v2\/pages\/86","targetHints":{"allow":["GET"]}}],"collection":[{"href":"https:\/\/aulacdecomo.it\/fr\/wp-json\/wp\/v2\/pages"}],"about":[{"href":"https:\/\/aulacdecomo.it\/fr\/wp-json\/wp\/v2\/types\/page"}],"author":[{"embeddable":true,"href":"https:\/\/aulacdecomo.it\/fr\/wp-json\/wp\/v2\/users\/2"}],"replies":[{"embeddable":true,"href":"https:\/\/aulacdecomo.it\/fr\/wp-json\/wp\/v2\/comments?post=86"}],"version-history":[{"count":17,"href":"https:\/\/aulacdecomo.it\/fr\/wp-json\/wp\/v2\/pages\/86\/revisions"}],"predecessor-version":[{"id":670,"href":"https:\/\/aulacdecomo.it\/fr\/wp-json\/wp\/v2\/pages\/86\/revisions\/670"}],"wp:attachment":[{"href":"https:\/\/aulacdecomo.it\/fr\/wp-json\/wp\/v2\/media?parent=86"}],"curies":[{"name":"wp","href":"https:\/\/api.w.org\/{rel}","templated":true}]}}