{"id":281,"date":"2016-10-29T15:04:12","date_gmt":"2016-10-29T13:04:12","guid":{"rendered":"https:\/\/aulacdecomo.it\/?page_id=281"},"modified":"2022-02-14T17:07:32","modified_gmt":"2022-02-14T16:07:32","slug":"privacy","status":"publish","type":"page","link":"https:\/\/aulacdecomo.it\/it\/privacy\/","title":{"rendered":"Privacy"},"content":{"rendered":"<p><\/p>\n<h2>Dettagli della persona responsabile (la societ\u00e0)<\/h2>\n<p>Camping Hotel Au Lac de Como di Guglielmana S&amp;C s.a.s<br \/>\nVia C. Battisti, 18<br \/>\n22010, Sorico (CO)<br \/>\nTel. +39.034484035 &#8211; +39.033484716 &#8211; +39.335216421<br \/>\nfax +39.034484802<br \/>\n<a href=\"mailto:info@aulacdecomo.com\">info@aulacdecomo.com<\/a><\/p>\n<p>Se avete domande sulla protezione dei dati, contattateci all&#8217;indirizzo di cui sopra.<\/p>\n<h2>Trattamento dei suoi dati personali &#8211; scopi e base legale<\/h2>\n<h3>File di registro<\/h3>\n<p>Quando si accede al nostro sito web, i file di log sono impostati e rimangono memorizzati per 24 ore.<\/p>\n<div class=\"embed-privacy-opt-out\" data-show-all=\"1\">\n<h3>Embed providers<\/h3>\n<p>Enable or disable embed providers globally. By enabling a provider, its embedded content will be displayed directly on every page without asking you anymore.<\/p>\n<span class=\"embed-privacy-provider\">\n<label class=\"embed-privacy-opt-out-label\" for=\"embed-privacy-provider-anghami-17782436025634\" data-embed-provider=\"anghami\"><input type=\"checkbox\" id=\"embed-privacy-provider-anghami-17782436025634\"  class=\"embed-privacy-opt-out-input\" data-embed-provider=\"anghami\"> Load all embeds from Anghami<\/label><br>\n<\/span>\n<span class=\"embed-privacy-provider\">\n<label class=\"embed-privacy-opt-out-label\" for=\"embed-privacy-provider-bluesky-17782436025634\" data-embed-provider=\"bluesky\"><input type=\"checkbox\" id=\"embed-privacy-provider-bluesky-17782436025634\"  class=\"embed-privacy-opt-out-input\" data-embed-provider=\"bluesky\"> Load all embeds from Bluesky<\/label><br>\n<\/span>\n<span class=\"embed-privacy-provider\">\n<label class=\"embed-privacy-opt-out-label\" for=\"embed-privacy-provider-canva-17782436025634\" data-embed-provider=\"canva\"><input type=\"checkbox\" id=\"embed-privacy-provider-canva-17782436025634\"  class=\"embed-privacy-opt-out-input\" data-embed-provider=\"canva\"> Load all embeds from Canva<\/label><br>\n<\/span>\n<span class=\"embed-privacy-provider\">\n<label class=\"embed-privacy-opt-out-label\" for=\"embed-privacy-provider-maps-marker-pro-17782436025635\" data-embed-provider=\"maps-marker-pro\"><input type=\"checkbox\" id=\"embed-privacy-provider-maps-marker-pro-17782436025635\"  class=\"embed-privacy-opt-out-input\" data-embed-provider=\"maps-marker-pro\"> Load all embeds from Maps Marker Pro<\/label><br>\n<\/span>\n<span class=\"embed-privacy-provider\">\n<label class=\"embed-privacy-opt-out-label\" for=\"embed-privacy-provider-openstreetmap-17782436025635\" data-embed-provider=\"openstreetmap\"><input type=\"checkbox\" id=\"embed-privacy-provider-openstreetmap-17782436025635\"  class=\"embed-privacy-opt-out-input\" data-embed-provider=\"openstreetmap\"> Load all embeds from OpenStreetMap<\/label><br>\n<\/span>\n<span class=\"embed-privacy-provider\">\n<label class=\"embed-privacy-opt-out-label\" for=\"embed-privacy-provider-pocket-casts-17782436025635\" data-embed-provider=\"pocket-casts\"><input type=\"checkbox\" id=\"embed-privacy-provider-pocket-casts-17782436025635\"  class=\"embed-privacy-opt-out-input\" data-embed-provider=\"pocket-casts\"> Load all embeds from Pocket Casts<\/label><br>\n<\/span>\n<span class=\"embed-privacy-provider\">\n<label class=\"embed-privacy-opt-out-label\" for=\"embed-privacy-provider-pocket-casts-17782436025635\" data-embed-provider=\"pocket-casts\"><input type=\"checkbox\" id=\"embed-privacy-provider-pocket-casts-17782436025635\"  class=\"embed-privacy-opt-out-input\" data-embed-provider=\"pocket-casts\"> Load all embeds from Pocket Casts<\/label><br>\n<\/span>\n<span class=\"embed-privacy-provider\">\n<label class=\"embed-privacy-opt-out-label\" for=\"embed-privacy-provider-pocket-casts-17782436025635\" data-embed-provider=\"pocket-casts\"><input type=\"checkbox\" id=\"embed-privacy-provider-pocket-casts-17782436025635\"  class=\"embed-privacy-opt-out-input\" data-embed-provider=\"pocket-casts\"> Load all embeds from Pocket Casts<\/label><br>\n<\/span>\n<span class=\"embed-privacy-provider\">\n<label class=\"embed-privacy-opt-out-label\" for=\"embed-privacy-provider-pocket-casts-17782436025635\" data-embed-provider=\"pocket-casts\"><input type=\"checkbox\" id=\"embed-privacy-provider-pocket-casts-17782436025635\"  class=\"embed-privacy-opt-out-input\" data-embed-provider=\"pocket-casts\"> Load all embeds from Pocket Casts<\/label><br>\n<\/span>\n<\/div>\n\n<p>Il contenuto di fornitori esterni \u00e8 integrato nel nostro sito, ma viene caricato solo dopo la vostra approvazione cliccando su di esso. In questo caso, questi fornitori esterni possono trattare i tuoi dati personali anche se non hai un account con questo servizio.<\/p>\n<h4>OPENSTREETMAP (FONDAZIONE OPENSTREETMAP)<\/h4>\n<p>Situato su OpenStreetMap.org, il progetto OpenStreetMap \u00e8 un&#8217;iniziativa mondiale sotto l&#8217;ombrello della OpenStreetMap Foundation (OSMF) con l&#8217;obiettivo di raccogliere geodati e renderli liberamente disponibili a tutti. Il progetto \u00e8 sostenuto da pi\u00f9 di 400.000 volontari in tutto il mondo.<br \/>\nDati personali trattati: Dati d&#8217;uso.<\/p>\n<p>Luogo di trattamento: Regno Unito e Paesi Bassi &#8211; <a href=\"https:\/\/wiki.osmfoundation.org\/wiki\/Privacy_Policy\">Informativa sulla privacy<\/a><\/p>\n<h3>Elaborazione dei dati aziendali<\/h3>\n<p>Elaboriamo i dati personali sulla base delle norme di protezione dei dati del regolamento generale sulla protezione dei dati (DS-GVO), nonch\u00e9 della legge federale sulla protezione dei dati (BDSG) e, se del caso, delle leggi sulla protezione dei dati dei singoli stati federali. I dati dei seguenti gruppi di persone vengono elaborati dalle rispettive persone responsabili nell&#8217;azienda per l&#8217;adempimento dei compiti.<\/p>\n<p>In dettaglio, questo significa:<\/p>\n<ul>\n<li>I <strong>dati del cliente<\/strong> vengono elaborati per l&#8217;attuazione e il supporto del rapporto contrattuale o del rapporto precontrattuale, nonch\u00e9 per le richieste di contatto e la comunicazione sulla base dell&#8217;art. 6 comma 1 periodo 1 lettera b) DS-GVO e dell&#8217;art. 6 comma 1 periodo 1 lettera c) DS-GVO.<br \/>\n<h2>Periodo di stoccaggio<\/h2>\n<\/li>\n<\/ul>\n<p>I dati personali memorizzati da noi saranno cancellati in conformit\u00e0 con i requisiti di legge. Cancelliamo i dati non appena non sono pi\u00f9 necessari per lo scopo del trattamento, un consenso dato \u00e8 revocato o altri permessi cessano di essere applicabili.<br \/>\nI dati che devono ancora essere memorizzati, ad esempio per motivi di diritto commerciale o fiscale, o la cui memorizzazione \u00e8 ancora necessaria per l&#8217;affermazione, l&#8217;esercizio o la difesa di diritti legali, saranno cancellati non appena ci\u00f2 non sar\u00e0 pi\u00f9 il caso.<\/p>\n<h2>Diritti degli interessati<\/h2>\n<p>Se trattiamo i dati personali che vi riguardano, avete i seguenti diritti degli interessati:<\/p>\n<ul>\n<li>un diritto all&#8217;informazione sui dati trattati e ad essere copiati,<\/li>\n<li>un diritto di rettifica se trattiamo dati errati su di lei,<\/li>\n<li>un diritto alla cancellazione, a meno che non si applichino eccezioni sul motivo per cui stiamo ancora conservando i dati, per esempio, obblighi di conservazione o periodi di limitazione<\/li>\n<li>il diritto di limitare il trattamento,<\/li>\n<li>il diritto di revocare il consenso al trattamento dei dati in qualsiasi momento,<\/li>\n<li>un diritto di opposizione al trattamento nell&#8217;interesse pubblico o legittimo,<\/li>\n<li>un diritto alla portabilit\u00e0 dei dati,<\/li>\n<li>il diritto di presentare un reclamo a un&#8217;autorit\u00e0 di controllo per la protezione dei dati se ritiene che i suoi dati non siano trattati correttamente. Per la nostra azienda, il <a href=\"https:\/\/www.garanteprivacy.it\/\">Garante per la protezione dei dati personali<\/a> \u00e8 responsabile. Tuttavia, se non sei in Italia, puoi anche contattare la tua autorit\u00e0 locale per la protezione dei dati.<\/li>\n<\/ul>\n<p><\/p>","protected":false},"excerpt":{"rendered":"<p>Dettagli della persona responsabile (la societ\u00e0) Camping Hotel Au Lac de Como di Guglielmana S&amp;C s.a.s Via C. Battisti, 18 22010, Sorico (CO) Tel. +39.034484035 &#8211; +39.033484716 &#8211; +39.335216421 fax +39.034484802 info@aulacdecomo.com Se avete domande sulla protezione dei dati, contattateci all&#8217;indirizzo di cui sopra. Trattamento dei suoi dati personali &#8211; scopi e base legale File &hellip; <a href=\"https:\/\/aulacdecomo.it\/it\/privacy\/\" class=\"more-link\">Leggi tutto<span class=\"screen-reader-text\"> &#8220;Privacy&#8221;<\/span><\/a><\/p>\n","protected":false},"author":2,"featured_media":0,"parent":0,"menu_order":0,"comment_status":"closed","ping_status":"closed","template":"","meta":{"footnotes":""},"class_list":["post-281","page","type-page","status-publish","hentry"],"_links":{"self":[{"href":"https:\/\/aulacdecomo.it\/it\/wp-json\/wp\/v2\/pages\/281","targetHints":{"allow":["GET"]}}],"collection":[{"href":"https:\/\/aulacdecomo.it\/it\/wp-json\/wp\/v2\/pages"}],"about":[{"href":"https:\/\/aulacdecomo.it\/it\/wp-json\/wp\/v2\/types\/page"}],"author":[{"embeddable":true,"href":"https:\/\/aulacdecomo.it\/it\/wp-json\/wp\/v2\/users\/2"}],"replies":[{"embeddable":true,"href":"https:\/\/aulacdecomo.it\/it\/wp-json\/wp\/v2\/comments?post=281"}],"version-history":[{"count":39,"href":"https:\/\/aulacdecomo.it\/it\/wp-json\/wp\/v2\/pages\/281\/revisions"}],"predecessor-version":[{"id":856,"href":"https:\/\/aulacdecomo.it\/it\/wp-json\/wp\/v2\/pages\/281\/revisions\/856"}],"wp:attachment":[{"href":"https:\/\/aulacdecomo.it\/it\/wp-json\/wp\/v2\/media?parent=281"}],"curies":[{"name":"wp","href":"https:\/\/api.w.org\/{rel}","templated":true}]}}