{"id":7,"date":"2016-01-27T23:31:43","date_gmt":"2016-01-27T22:31:43","guid":{"rendered":"https:\/\/aulacdecomo.it\/?page_id=7"},"modified":"2022-02-12T16:09:26","modified_gmt":"2022-02-12T15:09:26","slug":"au-lac-de-como","status":"publish","type":"page","link":"https:\/\/aulacdecomo.it\/it\/","title":{"rendered":"Au Lac de Como"},"content":{"rendered":"<p><\/p>\n<h3>Il Camping<\/h3>\n<p><img loading=\"lazy\" decoding=\"async\" class=\"wp-image-264 alignright\" src=\"https:\/\/aulacdecomo.it\/wp-content\/uploads\/origine_746560635299274cb4672709343901796316dc067bd69-e1477682251829.jpg\" alt=\"camping view from san siro\" width=\"300\" height=\"360\" \/><span id=\"result_box\" class=\"\" lang=\"it\" tabindex=\"-1\"><span class=\"\">Da oltre 60 anni, il tranquillo campeggio per famiglie Au Lac de Como \u00e8 situato nella parte settentrionale del Lago di Como.<\/span> \u00c8 proprio sul lago e offre aria pulita e buona qualit\u00e0 dell&#8217;acqua.<\/span><\/p>\n<p>Ci sono sia <a href=\"https:\/\/aulacdecomo.it\/rooms\/\">camere<\/a> che <a href=\"https:\/\/aulacdecomo.it\/apartments\/\">appartamenti<\/a> nell&#8217;hotel, cos\u00ec come <a href=\"https:\/\/aulacdecomo.it\/mobilhomes\/\">case mobili<\/a>, <a href=\"https:\/\/aulacdecomo.it\/bungalows\/\">bungalow<\/a>, <a href=\"https:\/\/aulacdecomo.it\/huts\/\">cabine<\/a> e infine il <a href=\"https:\/\/aulacdecomo.it\/camping\/\">campeggio<\/a>. Questo ha sul lago posti soleggiati o ombreggiati con l&#8217;elettricit\u00e0. Inoltre, \u00e8 sicuro per i bambini, vale a dire senza strada e con solo lentamente l&#8217;acqua di approfondimento.<\/p>\n<p>Ci sono anche offerte generali come un ristorante pubblico con men\u00f9 economici, una piscina e molto altro. Il corso \u00e8 aperto tutto l&#8217;anno e ci sono sconti elevati in bassa stagione.<\/p>\n<h3><span id=\"result_box\" class=\"\" lang=\"it\" tabindex=\"-1\">Dintorni<\/span><\/h3>\n<p>Scopri le <a href=\"https:\/\/aulacdecomo.it\/location\/activities\/\">attivit\u00e0<\/a> che puoi svolgere, scopri come <a href=\"https:\/\/aulacdecomo.it\/location\/infrastructure\/\">occuparti<\/a> dell&#8217;area o guarda la <a href=\"https:\/\/aulacdecomo.it\/location\/gallery\/\">galleria fotografica<\/a>.#<\/p>\n<h3>Orari di apertura<\/h3>\n<p>La reception \u00e8 aperta dalle 8:30 alle 24, con check-out tra le 8:30 e le 11 e check-in tra le 14 e le 22. Il campeggio \u00e8 aperto tutto l&#8217;anno, ma il ristorante e la piscina sono parzialmente chiusi fuori stagione.<\/p>","protected":false},"excerpt":{"rendered":"<p>Il Camping Da oltre 60 anni, il tranquillo campeggio per famiglie Au Lac de Como \u00e8 situato nella parte settentrionale del Lago di Como. \u00c8 proprio sul lago e offre aria pulita e buona qualit\u00e0 dell&#8217;acqua. Ci sono sia camere che appartamenti nell&#8217;hotel, cos\u00ec come case mobili, bungalow, cabine e infine il campeggio. Questo ha &hellip; <a href=\"https:\/\/aulacdecomo.it\/it\/\" class=\"more-link\">Leggi tutto<span class=\"screen-reader-text\"> &#8220;Au Lac de Como&#8221;<\/span><\/a><\/p>\n","protected":false},"author":2,"featured_media":0,"parent":0,"menu_order":0,"comment_status":"closed","ping_status":"closed","template":"","meta":{"footnotes":""},"class_list":["post-7","page","type-page","status-publish","hentry"],"_links":{"self":[{"href":"https:\/\/aulacdecomo.it\/it\/wp-json\/wp\/v2\/pages\/7","targetHints":{"allow":["GET"]}}],"collection":[{"href":"https:\/\/aulacdecomo.it\/it\/wp-json\/wp\/v2\/pages"}],"about":[{"href":"https:\/\/aulacdecomo.it\/it\/wp-json\/wp\/v2\/types\/page"}],"author":[{"embeddable":true,"href":"https:\/\/aulacdecomo.it\/it\/wp-json\/wp\/v2\/users\/2"}],"replies":[{"embeddable":true,"href":"https:\/\/aulacdecomo.it\/it\/wp-json\/wp\/v2\/comments?post=7"}],"version-history":[{"count":44,"href":"https:\/\/aulacdecomo.it\/it\/wp-json\/wp\/v2\/pages\/7\/revisions"}],"predecessor-version":[{"id":721,"href":"https:\/\/aulacdecomo.it\/it\/wp-json\/wp\/v2\/pages\/7\/revisions\/721"}],"wp:attachment":[{"href":"https:\/\/aulacdecomo.it\/it\/wp-json\/wp\/v2\/media?parent=7"}],"curies":[{"name":"wp","href":"https:\/\/api.w.org\/{rel}","templated":true}]}}