{"id":86,"date":"2016-01-28T13:06:14","date_gmt":"2016-01-28T12:06:14","guid":{"rendered":"https:\/\/aulacdecomo.it\/?page_id=86"},"modified":"2020-08-24T20:23:53","modified_gmt":"2020-08-24T18:23:53","slug":"huts","status":"publish","type":"page","link":"https:\/\/aulacdecomo.it\/nl\/huts\/","title":{"rendered":"(Deutsch) H\u00fctten mit Gemeinschaftsbad und Outdoor-K\u00fcche"},"content":{"rendered":"<p class=\"qtranxs-available-languages-message qtranxs-available-languages-message-nl\">Onze verontschuldigingen, dit bericht is alleen beschikbaar in het <a href=\"https:\/\/aulacdecomo.it\/de\/wp-json\/wp\/v2\/pages\/86\" class=\"qtranxs-available-language-link qtranxs-available-language-link-de\" title=\"Deutsch\">Deutsch<\/a>, <a href=\"https:\/\/aulacdecomo.it\/it\/wp-json\/wp\/v2\/pages\/86\" class=\"qtranxs-available-language-link qtranxs-available-language-link-it\" title=\"Italiano\">Italiano<\/a>, <a href=\"https:\/\/aulacdecomo.it\/en\/wp-json\/wp\/v2\/pages\/86\" class=\"qtranxs-available-language-link qtranxs-available-language-link-en\" title=\"English\">English<\/a>, <a href=\"https:\/\/aulacdecomo.it\/fr\/wp-json\/wp\/v2\/pages\/86\" class=\"qtranxs-available-language-link qtranxs-available-language-link-fr\" title=\"Fran\u00e7ais\">Fran\u00e7ais<\/a> en <a href=\"https:\/\/aulacdecomo.it\/es\/wp-json\/wp\/v2\/pages\/86\" class=\"qtranxs-available-language-link qtranxs-available-language-link-es\" title=\"Espa\u00f1ol\">Espa\u00f1ol<\/a>.<\/p><p>Das Bindeglied zwischen dem rustikalen Camping und den voll ausgestatteten Bungalows sind die H\u00fctten. Sie bieten f\u00fcr einen niedrigen Preis Schutz vor dem Wetter und eine \u00fcberdachte Outdoor-K\u00fcche mit einer grundlegenden Ausstattung an Besteck und Geschirr. Die H\u00fctten haben keine eigenen Sanit\u00e4ranlagen, sondern die Gemeinschaftsb\u00e4der des Campingplatzes werden mitbenutzt.<\/p>\n<div id='gallery-1' class='gallery galleryid-86 gallery-columns-3 gallery-size-thumbnail'><figure class='gallery-item'>\n\t\t\t<div class='gallery-icon landscape'>\n\t\t\t\t<a href='https:\/\/aulacdecomo.it\/nl\/huette_5\/'><img loading=\"lazy\" decoding=\"async\" width=\"150\" height=\"113\" src=\"https:\/\/aulacdecomo.it\/wp-content\/uploads\/huette_5-scaled.jpg\" class=\"attachment-thumbnail size-thumbnail\" alt=\"(Deutsch) H\u00fctte\" \/><\/a>\n\t\t\t<\/div><\/figure><figure class='gallery-item'>\n\t\t\t<div class='gallery-icon landscape'>\n\t\t\t\t<a href='https:\/\/aulacdecomo.it\/nl\/huette_4\/'><img loading=\"lazy\" decoding=\"async\" width=\"150\" height=\"111\" src=\"https:\/\/aulacdecomo.it\/wp-content\/uploads\/huette_4-scaled.jpg\" class=\"attachment-thumbnail size-thumbnail\" alt=\"(Deutsch) H\u00fctte\" \/><\/a>\n\t\t\t<\/div><\/figure><figure class='gallery-item'>\n\t\t\t<div class='gallery-icon landscape'>\n\t\t\t\t<a href='https:\/\/aulacdecomo.it\/nl\/huette_3\/'><img loading=\"lazy\" decoding=\"async\" width=\"150\" height=\"108\" src=\"https:\/\/aulacdecomo.it\/wp-content\/uploads\/huette_3-scaled.jpg\" class=\"attachment-thumbnail size-thumbnail\" alt=\"(Deutsch) H\u00fctte\" \/><\/a>\n\t\t\t<\/div><\/figure><figure class='gallery-item'>\n\t\t\t<div class='gallery-icon portrait'>\n\t\t\t\t<a href='https:\/\/aulacdecomo.it\/nl\/huts\/huette_1\/'><img loading=\"lazy\" decoding=\"async\" width=\"113\" height=\"150\" src=\"https:\/\/aulacdecomo.it\/wp-content\/uploads\/huette_1-scaled.jpg\" class=\"attachment-thumbnail size-thumbnail\" alt=\"(Deutsch) H\u00fctte\" \/><\/a>\n\t\t\t<\/div><\/figure><figure class='gallery-item'>\n\t\t\t<div class='gallery-icon landscape'>\n\t\t\t\t<a href='https:\/\/aulacdecomo.it\/nl\/huts\/bungaletti\/'><img loading=\"lazy\" decoding=\"async\" width=\"150\" height=\"113\" src=\"https:\/\/aulacdecomo.it\/wp-content\/uploads\/bungaletti.jpg\" class=\"attachment-thumbnail size-thumbnail\" alt=\"(Deutsch) H\u00fctte\" \/><\/a>\n\t\t\t<\/div><\/figure><figure class='gallery-item'>\n\t\t\t<div class='gallery-icon portrait'>\n\t\t\t\t<a href='https:\/\/aulacdecomo.it\/nl\/huts\/huette_2\/'><img loading=\"lazy\" decoding=\"async\" width=\"113\" height=\"150\" src=\"https:\/\/aulacdecomo.it\/wp-content\/uploads\/huette_2-scaled.jpg\" class=\"attachment-thumbnail size-thumbnail\" alt=\"(Deutsch) H\u00fctte\" \/><\/a>\n\t\t\t<\/div><\/figure>\n\t\t<\/div>\n\n<p>2 Personen + 2 zus\u00e4tzliche Personen gegen Aufschlag m\u00f6glich<\/p>","protected":false},"excerpt":{"rendered":"<p>Onze verontschuldigingen, dit bericht is alleen beschikbaar in het Deutsch, Italiano, English, Fran\u00e7ais en Espa\u00f1ol.Das Bindeglied zwischen dem rustikalen Camping und den voll ausgestatteten Bungalows sind die H\u00fctten. Sie bieten f\u00fcr einen niedrigen Preis Schutz vor dem Wetter und eine \u00fcberdachte Outdoor-K\u00fcche mit einer grundlegenden Ausstattung an Besteck und Geschirr. Die H\u00fctten haben keine eigenen &hellip; <a href=\"https:\/\/aulacdecomo.it\/nl\/huts\/\" class=\"more-link\">Lees verder <span class=\"screen-reader-text\">&#8220;(Deutsch) H\u00fctten mit Gemeinschaftsbad und Outdoor-K\u00fcche&#8221;<\/span><\/a><\/p>\n","protected":false},"author":2,"featured_media":0,"parent":0,"menu_order":0,"comment_status":"closed","ping_status":"closed","template":"","meta":{"footnotes":""},"class_list":["post-86","page","type-page","status-publish","hentry"],"_links":{"self":[{"href":"https:\/\/aulacdecomo.it\/nl\/wp-json\/wp\/v2\/pages\/86","targetHints":{"allow":["GET"]}}],"collection":[{"href":"https:\/\/aulacdecomo.it\/nl\/wp-json\/wp\/v2\/pages"}],"about":[{"href":"https:\/\/aulacdecomo.it\/nl\/wp-json\/wp\/v2\/types\/page"}],"author":[{"embeddable":true,"href":"https:\/\/aulacdecomo.it\/nl\/wp-json\/wp\/v2\/users\/2"}],"replies":[{"embeddable":true,"href":"https:\/\/aulacdecomo.it\/nl\/wp-json\/wp\/v2\/comments?post=86"}],"version-history":[{"count":17,"href":"https:\/\/aulacdecomo.it\/nl\/wp-json\/wp\/v2\/pages\/86\/revisions"}],"predecessor-version":[{"id":670,"href":"https:\/\/aulacdecomo.it\/nl\/wp-json\/wp\/v2\/pages\/86\/revisions\/670"}],"wp:attachment":[{"href":"https:\/\/aulacdecomo.it\/nl\/wp-json\/wp\/v2\/media?parent=86"}],"curies":[{"name":"wp","href":"https:\/\/api.w.org\/{rel}","templated":true}]}}